{"id":28986,"date":"2021-10-16T13:29:24","date_gmt":"2021-10-16T11:29:24","guid":{"rendered":"https:\/\/beyondsmile.ch\/?page_id=28986"},"modified":"2022-11-10T14:11:35","modified_gmt":"2022-11-10T13:11:35","slug":"faq","status":"publish","type":"page","link":"https:\/\/beyondsmile.ch\/en\/faq\/","title":{"rendered":"FAQs"},"content":{"rendered":"<p>[vc_row overflow=&#8221;default&#8221; css=&#8221;.vc_custom_1668084646019{margin-top: 100px !important;}&#8221;][vc_column][vc_custom_heading text=&#8221;Frequently Asked Questions&#8221; font_container=&#8221;tag:h1|font_size:40px|text_align:center&#8221; google_fonts=&#8221;font_family:Roboto%3A100%2C100italic%2C300%2C300italic%2Cregular%2Citalic%2C500%2C500italic%2C700%2C700italic%2C900%2C900italic|font_style:900%20bold%20regular%3A900%3Anormal&#8221;][vc_custom_heading text=&#8221;We understand that you may have additional questions about your treatment.<br>\nBelow are some frequently asked questions. However, if you do not find the answers to your questions here, please email us, call the office or ask for your next appointment.&#8221; font_container=&#8221;tag:h2|font_size:16px|text_align:center|color:%23343c46&#8243; google_fonts=&#8221;font_family:Roboto%3A100%2C100italic%2C300%2C300italic%2Cregular%2Citalic%2C500%2C500italic%2C700%2C700italic%2C900%2C900italic|font_style:400%20regular%3A400%3Anormal&#8221;][\/vc_column][\/vc_row]\n\t\t\t\t<p class=\"rs-p-wp-fix\"><\/p>\n\t\t\t\t<sr7-module data-alias=\"slider-2\" data-id=\"73\" id=\"SR7_73_1\" class=\"rs-ov-hidden\" data-version=\"6.7.51\">\n\t\t\t\t\t<sr7-adjuster><\/sr7-adjuster>\n\t\t\t\t\t<sr7-content>\n\t\t\t\t\t\t<sr7-slide id=\"SR7_73_1-100\" data-key=\"100\">\n\t\t\t\t\t\t\t<sr7-txt id=\"SR7_73_1-100-10\" class=\"sr7-layer\">How long can it take for braces to move teeth ?<\/sr7-txt>\n\t\t\t\t\t\t\t<sr7-txt id=\"SR7_73_1-100-11\" class=\"sr7-layer\"><span style=\"text-align:justify\">For the majority of patients, teeth straightening with dental braces may take anywhere between 12 months and 2 years. We will be able to give you an accurate estimate of how long your braces treatment will take based on a first personal consultation.<\/span><\/sr7-txt>\n\t\t\t\t\t\t\t<sr7-txt id=\"SR7_73_1-100-16\" class=\"sr7-layer\">Frequently Asked Questions<\/sr7-txt>\n\t\t\t\t\t\t\t<sr7-txt id=\"SR7_73_1-100-17\" class=\"sr7-layer\">Why may braces be indicated ?<\/sr7-txt>\n\t\t\t\t\t\t\t<sr7-txt id=\"SR7_73_1-100-18\" class=\"sr7-layer\"><span style=\"text-align:justify\">Braces are indicated if you or your child's health (which includes psychological problems) is affected by your malocclusion.<br \/>\n<br \/>\n\u2028This includes the following problems : <\/span><br \/>\n <ul style=\"list-style: circle;line-height:20px;margin-left:20px\"><br \/>\n<li>the chewing function is impaired<\/li><br \/>\n <li>speech problems occur<\/li><br \/>\n<li>the jaw joint is impaired or there are other problems, e.g. tension in the neck and shoulder area, headaches, tinnitus or also certain breathing problems such as snoring<br \/>\n<li>increased risk to caries or gingivitis due to crowded teeth because cleaning is difficult or impossible<\/li><br \/>\n<li>jaw malformations<\/li><br \/>\n<li>aesthetic and psychological problems: embarrassment to show the teeth; being ashamed of the teeth; depression and avoidance of social contacts due to shame<\/li><\/ul><\/sr7-txt>\n\t\t\t\t\t\t\t<sr7-txt id=\"SR7_73_1-100-39\" class=\"sr7-layer\">How do braces actually work ? <br \/>\n<\/sr7-txt>\n\t\t\t\t\t\t\t<sr7-txt id=\"SR7_73_1-100-40\" class=\"sr7-layer\"><span style=\"text-align:justify\">With the help of the brackets and archwires, the fixed braces exert force on the teeth for 24 hours. These forces are transmitted to the periodontium (jawbone, connective tissue and gums). The biological response of the tissues involved to these forces enables tooth movement. <br \/>\n<br \/>\nThe pressure impulse activates special cells called osteoclasts, which begin to dissolve part of the alveolar bone. This creates a space into which the tooth can slide and the pressure on the tooth is relieved.<br \/>\n<\/span><\/sr7-txt>\n\t\t\t\t\t\t\t<sr7-txt id=\"SR7_73_1-100-41\" class=\"sr7-layer\"><br \/>\nWe understand that you may have additional questions about your treatment. Below are some\u00a0frequently asked\u00a0questions,\u00a0however if you can\u2019t find the answers to your questions here, please drop us an e-mail, call the\u00a0practice or ask at your next appointment<\/sr7-txt>\n\t\t\t\t\t\t\t<sr7-txt id=\"SR7_73_1-100-66\" class=\"sr7-layer\">Can braces ruin your teeth or your teeth\u2019s enamel ?<\/sr7-txt>\n\t\t\t\t\t\t\t<sr7-txt id=\"SR7_73_1-100-69\" class=\"sr7-layer\"><span style=\"text-align:justify\">Generally, the answer is no. The braces themselves aren't damaging. It's up to you to protect your teeth while you have braces by taking good care of them.<\/p><\/sr7-txt>\n\t\t\t\t\t\t\t<sr7-txt id=\"SR7_73_1-100-70\" class=\"sr7-layer\">Why is Invisalign a more expensive option than other aligner therapies ?<\/sr7-txt>\n\t\t\t\t\t\t\t<sr7-txt id=\"SR7_73_1-100-71\" class=\"sr7-layer\"><span style=\"text-align:justify\">Invisalign tends to be a bit more expensive than other other casual aligners. This is above all because of the lab costs involved in producing the aligners. The premium materials (patented SmartTrack plastic) involved plus the latest technology are what make the treatment more expensive. Furthermore, to provide Invisalign your orthodontist need to be certified by Invisalign.<\/span><\/sr7-txt>\n\t\t\t\t\t\t\t<sr7-txt id=\"SR7_73_1-100-73\" class=\"sr7-layer\">How often will you need to come ?<\/sr7-txt>\n\t\t\t\t\t\t\t<sr7-txt id=\"SR7_73_1-100-74\" class=\"sr7-layer\"><span style=\"text-align:justify\">Les rendez-vous sont g\u00e9n\u00e9ralement espac\u00e9s de 4 \u00e0 8 semaines.<br \/>\n<\/span><\/sr7-txt>\n\t\t\t\t\t\t\t<sr7-txt id=\"SR7_73_1-100-82\" class=\"sr7-layer\">Will you be able to eat normally with braces ?<\/sr7-txt>\n\t\t\t\t\t\t\t<sr7-txt id=\"SR7_73_1-100-83\" class=\"sr7-layer\"><span style=\"text-align:justify\">Some foods are a little more difficult to eat with fixed braces but most food is not a problem. We suggest that you cut your food, especially raw vegetables and fruits into smaller pieces.<\/span><\/sr7-txt>\n\t\t\t\t\t\t\t<sr7-txt id=\"SR7_73_1-100-91\" class=\"sr7-layer\">Will you be able to talk normally with braces ?<\/sr7-txt>\n\t\t\t\t\t\t\t<sr7-txt id=\"SR7_73_1-100-92\" class=\"sr7-layer\"><span style=\"text-align:justify\">Some patients find their speech is affected for a couple of days but this soon disappears. Most patients don\u2019t\u00a0have a problem at all.<\/span><\/sr7-txt>\n\t\t\t\t\t\t\t<sr7-txt id=\"SR7_73_1-100-100\" class=\"sr7-layer\"><span style=\"text-align:justify\">Treatment doesn\u2019t hurt but a little discomfort can sometimes be felt when the teeth are moving. We will advise\u00a0what to do if this is the case.<\/span><\/sr7-txt>\n\t\t\t\t\t\t\t<sr7-txt id=\"SR7_73_1-100-103\" class=\"sr7-layer\">Will the treatment hurt?<\/sr7-txt>\n\t\t\t\t\t\t\t<sr7-txt id=\"SR7_73_1-100-108\" class=\"sr7-layer\">Will you need to have any teeth taken out ?<\/sr7-txt>\n\t\t\t\t\t\t\t<sr7-txt id=\"SR7_73_1-100-109\" class=\"sr7-layer\"><span style=\"text-align:justify\">Extractions are always avoided unless there is no satisfactory alternative. Extraction spaces are usually closed\u00a0up during treatment so there should be no gaps at the end of treatment.<\/span><\/sr7-txt>\n\t\t\t\t\t\t\t<sr7-txt id=\"SR7_73_1-100-114\" class=\"sr7-layer\">What about cleaning your teeth with braces ?<\/sr7-txt>\n\t\t\t\t\t\t\t<sr7-txt id=\"SR7_73_1-100-115\" class=\"sr7-layer\"><span style=\"text-align:justify\">Cleaning your teeth with braces takes a little more time. You should take the time and make the effort to clean\u00a0your braces, teeth and gums well and regularly during treatment. The technique is explained to you the day you will get the braces as well as during any other appointment if needed.<\/span><\/sr7-txt>\n\t\t\t\t\t\t<\/sr7-slide>\n\t\t\t\t\t\t<sr7-slide id=\"SR7_73_1-178\" data-key=\"178\">\n\t\t\t\t\t\t<\/sr7-slide>\n\t\t\t\t\t<\/sr7-content>\n\t\t\t\t\t<image_lists style=\"display:none\">\n\t\t\t\t\t\t<img data-src=\"\/\/beyondsmile.ch\/wp-content\/uploads\/2021\/12\/01-icon.png\" data-libid=\"29904\" data-lib=\"medialibrary\" alt=\"01 - icon\" title=\"01-icon\" width=\"0\" height=\"0\" data-dbsrc=\"Ly9iZXlvbmRzbWlsZS5jaC93cC1jb250ZW50L3VwbG9hZHMvMjAyMS8xMi8wMS1pY29uLnBuZw==\"\/>\n\t\t\t\t\t\t<img data-src=\"\/\/beyondsmile.ch\/wp-content\/uploads\/2021\/10\/02-icon.png\" data-libid=\"29445\" data-lib=\"medialibrary\" alt=\"02 icon\" width=\"0\" height=\"0\" data-dbsrc=\"Ly9iZXlvbmRzbWlsZS5jaC93cC1jb250ZW50L3VwbG9hZHMvMjAyMS8xMC8wMi1pY29uLnBuZw==\"\/>\n\t\t\t\t\t\t<img data-src=\"\/\/beyondsmile.ch\/wp-content\/uploads\/2021\/10\/03-icon.png\" data-libid=\"29447\" data-lib=\"medialibrary\" alt=\"03 icon\" title=\"03-icon\" width=\"0\" height=\"0\" data-dbsrc=\"Ly9iZXlvbmRzbWlsZS5jaC93cC1jb250ZW50L3VwbG9hZHMvMjAyMS8xMC8wMy1pY29uLnBuZw==\"\/>\n\t\t\t\t\t\t<img data-src=\"\/\/beyondsmile.ch\/wp-content\/uploads\/2021\/10\/04-icon.png\" data-libid=\"29449\" data-lib=\"medialibrary\" alt=\"04 icon\" title=\"04-icon\" width=\"0\" height=\"0\" data-dbsrc=\"Ly9iZXlvbmRzbWlsZS5jaC93cC1jb250ZW50L3VwbG9hZHMvMjAyMS8xMC8wNC1pY29uLnBuZw==\"\/>\n\t\t\t\t\t\t<img data-src=\"\/\/beyondsmile.ch\/wp-content\/uploads\/2021\/10\/05-icon.png\" data-libid=\"29451\" data-lib=\"medialibrary\" alt=\"05 icon\" title=\"05-icon\" width=\"0\" height=\"0\" data-dbsrc=\"Ly9iZXlvbmRzbWlsZS5jaC93cC1jb250ZW50L3VwbG9hZHMvMjAyMS8xMC8wNS1pY29uLnBuZw==\"\/>\n\t\t\t\t\t\t<img data-src=\"\/\/beyondsmile.ch\/wp-content\/uploads\/2021\/11\/06-icon.png\" data-libid=\"29567\" data-lib=\"medialibrary\" alt=\"06 icon\" title=\"06-icon\" width=\"0\" height=\"0\" data-dbsrc=\"Ly9iZXlvbmRzbWlsZS5jaC93cC1jb250ZW50L3VwbG9hZHMvMjAyMS8xMS8wNi1pY29uLnBuZw==\"\/>\n\t\t\t\t\t\t<img data-src=\"\/\/beyondsmile.ch\/wp-content\/uploads\/2021\/11\/07-icon.png\" data-libid=\"29570\" data-lib=\"medialibrary\" alt=\"icon-faq\" title=\"07-icon\" width=\"0\" height=\"0\" data-dbsrc=\"Ly9iZXlvbmRzbWlsZS5jaC93cC1jb250ZW50L3VwbG9hZHMvMjAyMS8xMS8wNy1pY29uLnBuZw==\"\/>\n\t\t\t\t\t\t<img data-src=\"\/\/beyondsmile.ch\/wp-content\/uploads\/2021\/11\/08-icon.png\" data-libid=\"29573\" data-lib=\"medialibrary\" alt=\"icon-faq\" title=\"08-icon\" width=\"0\" height=\"0\" data-dbsrc=\"Ly9iZXlvbmRzbWlsZS5jaC93cC1jb250ZW50L3VwbG9hZHMvMjAyMS8xMS8wOC1pY29uLnBuZw==\"\/>\n\t\t\t\t\t\t<img data-src=\"\/\/beyondsmile.ch\/wp-content\/uploads\/2021\/11\/09-icon.png\" data-libid=\"29576\" data-lib=\"medialibrary\" alt=\"icon-faq\" title=\"09-icon\" width=\"0\" height=\"0\" data-dbsrc=\"Ly9iZXlvbmRzbWlsZS5jaC93cC1jb250ZW50L3VwbG9hZHMvMjAyMS8xMS8wOS1pY29uLnBuZw==\"\/>\n\t\t\t\t\t\t<img data-src=\"\/\/beyondsmile.ch\/wp-content\/uploads\/2021\/11\/10-icon.png\" data-libid=\"29579\" data-lib=\"medialibrary\" alt=\"icon-faq\" title=\"10-icon\" width=\"0\" height=\"0\" data-dbsrc=\"Ly9iZXlvbmRzbWlsZS5jaC93cC1jb250ZW50L3VwbG9hZHMvMjAyMS8xMS8xMC1pY29uLnBuZw==\"\/>\n\t\t\t\t\t\t<img data-src=\"\/\/beyondsmile.ch\/wp-content\/uploads\/2021\/11\/11-icon.png\" data-libid=\"29582\" data-lib=\"medialibrary\" alt=\"icon-faq\" title=\"11-icon\" width=\"0\" height=\"0\" data-dbsrc=\"Ly9iZXlvbmRzbWlsZS5jaC93cC1jb250ZW50L3VwbG9hZHMvMjAyMS8xMS8xMS1pY29uLnBuZw==\"\/>\n\t\t\t\t\t<\/image_lists>\n\t\t\t\t<\/sr7-module>\n\t\t\t\t<script>\n\t\t\t\t\twindow.SR7 ??={};SR7.PMH ??={}; SR7.PMH[\"SR7_73_1\"] = {cn:100,state:false,fn: function() { if (window._tpt!==undefined && window._tpt.prepareModuleHeight !== undefined) {  _tpt.prepareModuleHeight({id:\"SR7_73_1\",el:[2145,2145,2357,2498,3049],type:'hero',shdw:'0',gh:[900,900,768,960,720],gw:[1240,1240,1024,778,480],vpt:['-200px&#039;,&#039;-200px&#039;,&#039;-200px&#039;,&#039;-200px&#039;,&#039;-200px'],size:{fullWidth:true, fullHeight:false},mh:'0',onh:0,onw:0,bg:{color:'{\"orig\":\"transparent\",\"type\":\"solid\",\"string\":\"transparent\"}'}});   SR7.PMH[\"SR7_73_1\"].state=true;} else if(SR7.PMH[\"SR7_73_1\"].cn-->0)\tsetTimeout( SR7.PMH[\"SR7_73_1\"].fn,19);}};SR7.PMH[\"SR7_73_1\" ].fn();\n\t\t\t\t<\/script>\n[vc_row][vc_column][vc_column_text][vc_row][vc_column width=&#8221;1\/1&#8243;][vc_column_text]<\/div>\n<p>[\/vc_column_text][\/vc_column][\/vc_row]\n\t\t\t\t<p class=\"rs-p-wp-fix\"><\/p>\n\t\t\t\t<sr7-module data-alias=\"medicare-footer1\" data-id=\"42\" id=\"SR7_42_2\" class=\"rs-ov-hidden\" data-version=\"6.7.51\">\n\t\t\t\t\t<sr7-adjuster><\/sr7-adjuster>\n\t\t\t\t\t<sr7-content>\n\t\t\t\t\t\t<sr7-slide id=\"SR7_42_2-10\" data-key=\"10\">\n\t\t\t\t\t\t\t<a id=\"SR7_42_2-10-2\" class=\"sr7-layer\" href=\"#\" target=\"_self\" rel=\"nofollow\">beyond_smile_sa<\/a>\n\t\t\t\t\t\t\t<sr7-txt id=\"SR7_42_2-10-3\" class=\"sr7-layer\"><i class=\"fa-instagram\"><\/i><\/sr7-txt>\n\t\t\t\t\t\t\t<a id=\"SR7_42_2-10-17\" class=\"sr7-layer\" href=\"#\" target=\"_self\" rel=\"nofollow\">Rue du Stade 5<br \/>\n1965 Savi\u00e8se<br \/>\n<br \/>\n<\/a>\n\t\t\t\t\t\t\t<sr7-txt id=\"SR7_42_2-10-18\" class=\"sr7-layer\">Links<\/sr7-txt>\n\t\t\t\t\t\t\t<a id=\"SR7_42_2-10-19\" class=\"sr7-layer\" href=\"https:\/\/beyondsmile.ch\/en\/practice\/\" target=\"_self\"><i class=\"material-icons\" style=\"font-size:20px;margin-right:5px;\">keyboard_arrow_right<\/i>Practice<\/a>\n\t\t\t\t\t\t\t<a id=\"SR7_42_2-10-20\" class=\"sr7-layer\" href=\"https:\/\/beyondsmile.ch\/en\/dentosophie\/\" target=\"_self\"><i class=\"material-icons\" style=\"font-size:20px;margin-right:5px;\">keyboard_arrow_right<\/i>Dentosophie<\/a>\n\t\t\t\t\t\t\t<a id=\"SR7_42_2-10-25\" class=\"sr7-layer\" href=\"#\" target=\"_self\" rel=\"nofollow\">Parking spaces available<\/a>\n\t\t\t\t\t\t\t<a id=\"SR7_42_2-10-29\" class=\"sr7-layer\" href=\"#\" target=\"_self\" rel=\"nofollow\">+ 41 027 564 15 50<\/a>\n\t\t\t\t\t\t\t<a id=\"SR7_42_2-10-32\" class=\"sr7-layer\" href=\"#\" target=\"_self\" rel=\"nofollow\">orthodontiste@beyondsmile.ch<\/a>\n\t\t\t\t\t\t\t<a id=\"SR7_42_2-10-33\" class=\"sr7-layer\" href=\"https:\/\/beyondsmile.ch\/en\/services\/\" target=\"_self\"><i class=\"material-icons\" style=\"font-size:20px;margin-right:5px;\">keyboard_arrow_right<\/i>Services<\/a>\n\t\t\t\t\t\t\t<a id=\"SR7_42_2-10-34\" class=\"sr7-layer\" href=\"https:\/\/beyondsmile.ch\/en\/contact\/\" target=\"_self\"><i class=\"material-icons\" style=\"font-size:20px;margin-right:5px;\">keyboard_arrow_right<\/i>Contact<\/a>\n\t\t\t\t\t\t\t<a id=\"SR7_42_2-10-35\" class=\"sr7-layer\" href=\"https:\/\/beyondsmile.ch\/en\/faq\/\" target=\"_self\"><i class=\"material-icons\" style=\"font-size:20px;margin-right:5px;\">keyboard_arrow_right<\/i>F.A.Q<\/a>\n\t\t\t\t\t\t\t<a id=\"SR7_42_2-10-36\" class=\"sr7-layer\" href=\"https:\/\/beyondsmile.ch\/en\/make-an-appointment-online\/\" target=\"_self\"><i class=\"material-icons\" style=\"font-size:20px;margin-right:5px;\">keyboard_arrow_right<\/i>Online reservation\n<\/a>\n\t\t\t\t\t\t\t<a id=\"SR7_42_2-10-43\" class=\"sr7-layer\" href=\"http:\/\/sowave.io\" target=\"_blank\" rel=\"noopener\">Copyright 2021 - Developed and designed by <span style=\"color:#ffffff; font-size:20px;font-weight:500\">www.sowave.io<\/span><\/a>\n\t\t\t\t\t\t<\/sr7-slide>\n\t\t\t\t\t\t<sr7-slide id=\"SR7_42_2-162\" data-key=\"162\">\n\t\t\t\t\t\t<\/sr7-slide>\n\t\t\t\t\t<\/sr7-content>\n\t\t\t\t\t<image_lists style=\"display:none\">\n\t\t\t\t\t\t<img data-src=\"\/\/beyondsmile.ch\/wp-content\/uploads\/2021\/12\/iterodigitalpractice-horizonal-grey-fr-png-bis-white.jpg\" data-libid=\"30213\" data-lib=\"medialibrary\" alt=\"Logo itero digital practice horizonal-grey-fr\" title=\"iterodigitalpractice-horizonal-grey-fr\" width=\"0\" height=\"0\" data-dbsrc=\"Ly9iZXlvbmRzbWlsZS5jaC93cC1jb250ZW50L3VwbG9hZHMvMjAyMS8xMi9pdGVyb2RpZ2l0YWxwcmFjdGljZS1ob3Jpem9uYWwtZ3JleS1mci1wbmctYmlzLXdoaXRlLmpwZw==\"\/>\n\t\t\t\t\t\t<img data-src=\"\/\/beyondsmile.ch\/wp-content\/uploads\/2021\/12\/iterodigitalpractice-horizonal-grey-fr-png-bis.jpg\" data-libid=\"30210\" data-lib=\"medialibrary\" alt=\"iterodigitalpractice-horizonal\" title=\"iterodigitalpractice-horizonal-grey-fr-png-bis\" width=\"0\" height=\"0\" data-dbsrc=\"Ly9iZXlvbmRzbWlsZS5jaC93cC1jb250ZW50L3VwbG9hZHMvMjAyMS8xMi9pdGVyb2RpZ2l0YWxwcmFjdGljZS1ob3Jpem9uYWwtZ3JleS1mci1wbmctYmlzLmpwZw==\"\/>\n\t\t\t\t\t\t<img data-src=\"\/\/beyondsmile.ch\/wp-content\/uploads\/2021\/12\/logoSSO.jpg\" data-libid=\"30207\" data-lib=\"medialibrary\" alt=\"logo SSO\" title=\"logo SSO\" width=\"0\" height=\"0\" data-dbsrc=\"Ly9iZXlvbmRzbWlsZS5jaC93cC1jb250ZW50L3VwbG9hZHMvMjAyMS8xMi9sb2dvU1NPLmpwZw==\"\/>\n\t\t\t\t\t\t<img data-src=\"\/\/beyondsmile.ch\/wp-content\/uploads\/revslider\/medicare-footer\/icon_pos.png\" data-libid=\"28882\" title=\"icon_pos.png\" width=\"0\" height=\"0\" data-dbsrc=\"Ly9iZXlvbmRzbWlsZS5jaC93cC1jb250ZW50L3VwbG9hZHMvcmV2c2xpZGVyL21lZGljYXJlLWZvb3Rlci9pY29uX3Bvcy5wbmc=\"\/>\n\t\t\t\t\t\t<img data-src=\"\/\/beyondsmile.ch\/wp-content\/uploads\/2023\/02\/parking.png\" data-libid=\"31459\" data-lib=\"medialibrary\" alt=\"icon parking white\" title=\"parking\" width=\"0\" height=\"0\" data-dbsrc=\"Ly9iZXlvbmRzbWlsZS5jaC93cC1jb250ZW50L3VwbG9hZHMvMjAyMy8wMi9wYXJraW5nLnBuZw==\"\/>\n\t\t\t\t\t\t<img data-src=\"\/\/beyondsmile.ch\/wp-content\/uploads\/2026\/02\/logo-bs-white-on-2.png\" data-libid=\"32107\" data-lib=\"medialibrary\" alt=\"logo beyond smile\" title=\"logo-bs-white-on-2\" width=\"0\" height=\"0\" data-dbsrc=\"Ly9iZXlvbmRzbWlsZS5jaC93cC1jb250ZW50L3VwbG9hZHMvMjAyNi8wMi9sb2dvLWJzLXdoaXRlLW9uLTIucG5n\"\/>\n\t\t\t\t\t\t<img data-src=\"\/\/beyondsmile.ch\/wp-content\/uploads\/revslider\/medicare-header\/medical_icon_phone.png\" data-libid=\"28841\" title=\"medical_icon_phone.png\" width=\"0\" height=\"0\" data-dbsrc=\"Ly9iZXlvbmRzbWlsZS5jaC93cC1jb250ZW50L3VwbG9hZHMvcmV2c2xpZGVyL21lZGljYXJlLWhlYWRlci9tZWRpY2FsX2ljb25fcGhvbmUucG5n\"\/>\n\t\t\t\t\t\t<img data-src=\"\/\/beyondsmile.ch\/wp-content\/uploads\/revslider\/medicare-footer\/icon_mail2.png\" data-libid=\"28883\" title=\"icon_mail2.png\" width=\"0\" height=\"0\" data-dbsrc=\"Ly9iZXlvbmRzbWlsZS5jaC93cC1jb250ZW50L3VwbG9hZHMvcmV2c2xpZGVyL21lZGljYXJlLWZvb3Rlci9pY29uX21haWwyLnBuZw==\"\/>\n\t\t\t\t\t\t<img data-src=\"\/\/beyondsmile.ch\/wp-content\/uploads\/2026\/01\/logo-SDK-SSO.png\" data-libid=\"31987\" data-lib=\"medialibrary\" title=\"logo SDK SSO\" width=\"0\" height=\"0\" data-dbsrc=\"Ly9iZXlvbmRzbWlsZS5jaC93cC1jb250ZW50L3VwbG9hZHMvMjAyNi8wMS9sb2dvLVNESy1TU08ucG5n\"\/>\n\t\t\t\t\t\t<img data-src=\"\/\/beyondsmile.ch\/wp-content\/uploads\/2021\/11\/logo-beyond-smile-no3d-1.png\" data-libid=\"29926\" data-lib=\"medialibrary\" alt=\"Logo Beyond smile white\" title=\"Logo Beyond smile white\" width=\"0\" height=\"0\" data-dbsrc=\"Ly9iZXlvbmRzbWlsZS5jaC93cC1jb250ZW50L3VwbG9hZHMvMjAyMS8xMS9sb2dvLWJleW9uZC1zbWlsZS1ubzNkLTEucG5n\"\/>\n\t\t\t\t\t<\/image_lists>\n\t\t\t\t<\/sr7-module>\n\t\t\t\t<script>\n\t\t\t\t\twindow.SR7 ??={};SR7.PMH ??={}; SR7.PMH[\"SR7_42_2\"] = {cn:100,state:false,fn: function() { if (window._tpt!==undefined && window._tpt.prepareModuleHeight !== undefined) {  _tpt.prepareModuleHeight({id:\"SR7_42_2\",el:[1204,1204,700,777,1161],type:'hero',shdw:'0',gh:[700,700,700,775,720],gw:[1240,1240,1024,778,480],vpt:['-200px&#039;,&#039;-200px&#039;,&#039;-200px&#039;,&#039;-200px&#039;,&#039;-200px'],size:{fullWidth:true, fullHeight:false},mh:'0',onh:0,onw:0,bg:{color:'{\"type\":\"solid\",\"orig\":\"#99bed8\",\"string\":\"rgba(153, 190, 216, 1)\"}'}});   SR7.PMH[\"SR7_42_2\"].state=true;} else if(SR7.PMH[\"SR7_42_2\"].cn-->0)\tsetTimeout( SR7.PMH[\"SR7_42_2\"].fn,19);}};SR7.PMH[\"SR7_42_2\" ].fn();\n\t\t\t\t<\/script>\n[vc_row][vc_column][vc_column_text]<\/div>\n<p><!-- \/wp:post-content -->[\/vc_column_text][\/vc_column][\/vc_row]<\/p>\n<!-- \/wp:freeform -->","protected":false},"excerpt":{"rendered":"<p>[vc_row overflow=&#8221;default&#8221; css=&#8221;.vc_custom_1668084646019{margin-top: 100px !important;}&#8221;][vc_column][vc_custom_heading text=&#8221;Frequently Asked Questions&#8221; font_container=&#8221;tag:h1|font_size:40px|text_align:center&#8221; google_fonts=&#8221;font_family:Roboto%3A100%2C100italic%2C300%2C300italic%2Cregular%2Citalic%2C500%2C500italic%2C700%2C700italic%2C900%2C900italic|font_style:900%20bold%20regular%3A900%3Anormal&#8221;][vc_custom_heading text=&#8221;We understand that you may have additional questions about your treatment. Below are some frequently asked questions. However, if you do not find the answers to your questions here, please email us, call the office&#8230;<\/p>\n","protected":false},"author":1,"featured_media":0,"parent":0,"menu_order":0,"comment_status":"closed","ping_status":"closed","template":"","meta":{"_themeisle_gutenberg_block_has_review":false,"footnotes":""},"class_list":["post-28986","page","type-page","status-publish","hentry"],"yoast_head":"<!-- This site is optimized with the Yoast SEO plugin v27.2 - https:\/\/yoast.com\/product\/yoast-seo-wordpress\/ -->\n<title>Beyond Smile - FAQs<\/title>\n<meta name=\"description\" content=\"Find all our FAQs on orthodontics - Beyond Smile , orthodontic practice in Savi\u00e8se, near Sion with Doctor Joelle Wasmer\" \/>\n<meta name=\"robots\" content=\"index, follow, max-snippet:-1, max-image-preview:large, max-video-preview:-1\" \/>\n<link rel=\"canonical\" href=\"https:\/\/beyondsmile.ch\/en\/faq\/\" \/>\n<meta property=\"og:locale\" content=\"en_US\" \/>\n<meta property=\"og:type\" content=\"article\" \/>\n<meta property=\"og:title\" content=\"Beyond Smile - FAQs\" \/>\n<meta property=\"og:description\" content=\"Find all our FAQs on orthodontics - Beyond Smile , orthodontic practice in Savi\u00e8se, near Sion with Doctor Joelle Wasmer\" \/>\n<meta property=\"og:url\" content=\"https:\/\/beyondsmile.ch\/en\/faq\/\" \/>\n<meta property=\"og:site_name\" content=\"Beyond Smile\" \/>\n<meta property=\"article:modified_time\" content=\"2022-11-10T13:11:35+00:00\" \/>\n<meta name=\"twitter:card\" content=\"summary_large_image\" \/>\n<meta name=\"twitter:label1\" content=\"Est. reading time\" \/>\n\t<meta name=\"twitter:data1\" content=\"1 minute\" \/>\n<script type=\"application\/ld+json\" class=\"yoast-schema-graph\">{\"@context\":\"https:\/\/schema.org\",\"@graph\":[{\"@type\":\"WebPage\",\"@id\":\"https:\/\/beyondsmile.ch\/en\/faq\/\",\"url\":\"https:\/\/beyondsmile.ch\/en\/faq\/\",\"name\":\"Beyond Smile - FAQs\",\"isPartOf\":{\"@id\":\"https:\/\/beyondsmile.ch\/#website\"},\"datePublished\":\"2021-10-16T11:29:24+00:00\",\"dateModified\":\"2022-11-10T13:11:35+00:00\",\"description\":\"Find all our FAQs on orthodontics - Beyond Smile , orthodontic practice in Savi\u00e8se, near Sion with Doctor Joelle Wasmer\",\"breadcrumb\":{\"@id\":\"https:\/\/beyondsmile.ch\/en\/faq\/#breadcrumb\"},\"inLanguage\":\"en-US\",\"potentialAction\":[{\"@type\":\"ReadAction\",\"target\":[\"https:\/\/beyondsmile.ch\/en\/faq\/\"]}]},{\"@type\":\"BreadcrumbList\",\"@id\":\"https:\/\/beyondsmile.ch\/en\/faq\/#breadcrumb\",\"itemListElement\":[{\"@type\":\"ListItem\",\"position\":1,\"name\":\"Accueil\",\"item\":\"https:\/\/beyondsmile.ch\/en\/\"},{\"@type\":\"ListItem\",\"position\":2,\"name\":\"FAQs\"}]},{\"@type\":\"WebSite\",\"@id\":\"https:\/\/beyondsmile.ch\/#website\",\"url\":\"https:\/\/beyondsmile.ch\/\",\"name\":\"Beyond Smile\",\"description\":\"Orthodontiste Savi\u00e8se -  valais\",\"potentialAction\":[{\"@type\":\"SearchAction\",\"target\":{\"@type\":\"EntryPoint\",\"urlTemplate\":\"https:\/\/beyondsmile.ch\/?s={search_term_string}\"},\"query-input\":{\"@type\":\"PropertyValueSpecification\",\"valueRequired\":true,\"valueName\":\"search_term_string\"}}],\"inLanguage\":\"en-US\"}]}<\/script>\n<!-- \/ Yoast SEO plugin. -->","yoast_head_json":{"title":"Beyond Smile - FAQs","description":"Find all our FAQs on orthodontics - Beyond Smile , orthodontic practice in Savi\u00e8se, near Sion with Doctor Joelle Wasmer","robots":{"index":"index","follow":"follow","max-snippet":"max-snippet:-1","max-image-preview":"max-image-preview:large","max-video-preview":"max-video-preview:-1"},"canonical":"https:\/\/beyondsmile.ch\/en\/faq\/","og_locale":"en_US","og_type":"article","og_title":"Beyond Smile - FAQs","og_description":"Find all our FAQs on orthodontics - Beyond Smile , orthodontic practice in Savi\u00e8se, near Sion with Doctor Joelle Wasmer","og_url":"https:\/\/beyondsmile.ch\/en\/faq\/","og_site_name":"Beyond Smile","article_modified_time":"2022-11-10T13:11:35+00:00","twitter_card":"summary_large_image","twitter_misc":{"Est. reading time":"1 minute"},"schema":{"@context":"https:\/\/schema.org","@graph":[{"@type":"WebPage","@id":"https:\/\/beyondsmile.ch\/en\/faq\/","url":"https:\/\/beyondsmile.ch\/en\/faq\/","name":"Beyond Smile - FAQs","isPartOf":{"@id":"https:\/\/beyondsmile.ch\/#website"},"datePublished":"2021-10-16T11:29:24+00:00","dateModified":"2022-11-10T13:11:35+00:00","description":"Find all our FAQs on orthodontics - Beyond Smile , orthodontic practice in Savi\u00e8se, near Sion with Doctor Joelle Wasmer","breadcrumb":{"@id":"https:\/\/beyondsmile.ch\/en\/faq\/#breadcrumb"},"inLanguage":"en-US","potentialAction":[{"@type":"ReadAction","target":["https:\/\/beyondsmile.ch\/en\/faq\/"]}]},{"@type":"BreadcrumbList","@id":"https:\/\/beyondsmile.ch\/en\/faq\/#breadcrumb","itemListElement":[{"@type":"ListItem","position":1,"name":"Accueil","item":"https:\/\/beyondsmile.ch\/en\/"},{"@type":"ListItem","position":2,"name":"FAQs"}]},{"@type":"WebSite","@id":"https:\/\/beyondsmile.ch\/#website","url":"https:\/\/beyondsmile.ch\/","name":"Beyond Smile","description":"Orthodontiste Savi\u00e8se -  valais","potentialAction":[{"@type":"SearchAction","target":{"@type":"EntryPoint","urlTemplate":"https:\/\/beyondsmile.ch\/?s={search_term_string}"},"query-input":{"@type":"PropertyValueSpecification","valueRequired":true,"valueName":"search_term_string"}}],"inLanguage":"en-US"}]}},"_links":{"self":[{"href":"https:\/\/beyondsmile.ch\/en\/wp-json\/wp\/v2\/pages\/28986","targetHints":{"allow":["GET"]}}],"collection":[{"href":"https:\/\/beyondsmile.ch\/en\/wp-json\/wp\/v2\/pages"}],"about":[{"href":"https:\/\/beyondsmile.ch\/en\/wp-json\/wp\/v2\/types\/page"}],"author":[{"embeddable":true,"href":"https:\/\/beyondsmile.ch\/en\/wp-json\/wp\/v2\/users\/1"}],"replies":[{"embeddable":true,"href":"https:\/\/beyondsmile.ch\/en\/wp-json\/wp\/v2\/comments?post=28986"}],"version-history":[{"count":17,"href":"https:\/\/beyondsmile.ch\/en\/wp-json\/wp\/v2\/pages\/28986\/revisions"}],"predecessor-version":[{"id":31216,"href":"https:\/\/beyondsmile.ch\/en\/wp-json\/wp\/v2\/pages\/28986\/revisions\/31216"}],"wp:attachment":[{"href":"https:\/\/beyondsmile.ch\/en\/wp-json\/wp\/v2\/media?parent=28986"}],"curies":[{"name":"wp","href":"https:\/\/api.w.org\/{rel}","templated":true}]}}