{"id":30849,"date":"2022-09-22T14:23:47","date_gmt":"2022-09-22T12:23:47","guid":{"rendered":"https:\/\/beyondsmile.ch\/?page_id=30849"},"modified":"2026-03-10T00:43:56","modified_gmt":"2026-03-09T23:43:56","slug":"die-praxis","status":"publish","type":"page","link":"https:\/\/beyondsmile.ch\/de\/die-praxis\/","title":{"rendered":"Die praxis"},"content":{"rendered":"<p>[vc_row full_width=&#8221;stretch_row&#8221; content_placement=&#8221;middle&#8221; overflow=&#8221;default&#8221;][vc_column max_width_alignment_mobile=&#8221;center&#8221; mobile_element_alignment=&#8221;center&#8221; text_align_inline=&#8221;center&#8221; overflow=&#8221;default&#8221;][vc_masonry_media_grid grid_id=&#8221;vc_gid:1773099763512-5481d358-cdd7-0&#8243; include=&#8221;30843,30822,30840,30837,30816,30819,30825,30828,30831,30834,30911&#8243; css=&#8221;.vc_custom_1773099812663{margin-top: 20px !important;}&#8221;][\/vc_column][\/vc_row][vc_row overflow=&#8221;default&#8221; css=&#8221;.vc_custom_1668084122188{margin-top: 100px !important;}&#8221;][vc_column overflow=&#8221;default&#8221; offset=&#8221;vc_hidden-lg vc_hidden-md vc_hidden-sm vc_hidden-xs&#8221;][vc_custom_heading source=&#8221;post_title&#8221; font_container=&#8221;tag:h1|font_size:50px|text_align:center&#8221; google_fonts=&#8221;font_family:Roboto%3A100%2C100italic%2C300%2C300italic%2Cregular%2Citalic%2C500%2C500italic%2C700%2C700italic%2C900%2C900italic|font_style:700%20bold%20regular%3A700%3Anormal&#8221;][vc_custom_heading text=&#8221;Kieferorthop\u00e4de im Wallis in Savi\u00e8se&#8221; font_container=&#8221;tag:h2|text_align:center|color:%23343c46&#8243; google_fonts=&#8221;font_family:Roboto%3A100%2C100italic%2C300%2C300italic%2Cregular%2Citalic%2C500%2C500italic%2C700%2C700italic%2C900%2C900italic|font_style:400%20regular%3A400%3Anormal&#8221;]\r\n<div id=\"text-block-AcfQGE8NUJ\" class=\"sh-text-block\">\r\n\t<\/p>\n<h3 style=\"color: #353c46; text-align: center;\"><strong>Situ\u00e9 proche de Sion, notre cabinet d\u2019orthodontie vous re\u00e7oit dans un cadre moderne et lumineux, pens\u00e9 pour le confort des enfants, adolescents et adultes. Les \u00e9quipements de derni\u00e8re g\u00e9n\u00e9ration et l\u2019accessibilit\u00e9 depuis le centre de Sion garantissent une prise en charge orthodontique de qualit\u00e9.<\/strong><\/h3>\n<p><\/div>\r\n            <style type=\"text\/css\">\r\n                #text-block-AcfQGE8NUJ {color: #000000;margin: 30px 0px;}#text-block-AcfQGE8NUJ a:hover,#text-block-AcfQGE8NUJ a:focus {color: #10a0c0;}#text-block-AcfQGE8NUJ .drop-cap {font-weight: bold;font-size: 50px;display: block;float: left;margin: 8px 10px 0 0;}#text-block-AcfQGE8NUJ p {margin-bottom: 0;}            <\/style>\r\n        [vc_masonry_media_grid element_width=&#8221;12&#8243; grid_id=&#8221;vc_gid:1773099763514-965e1ff8-0bdd-3&#8243; include=&#8221;30843,30822,30840,30837,30816,30819,30825,30828,30831,30834,30911&#8243; css=&#8221;.vc_custom_1771881302323{margin-top: 20px !important;}&#8221;][vc_images_carousel images=&#8221;32801,32804,32816,32813,32810,32807,32819,32832,32828,32825,32822&#8243; img_size=&#8221;full&#8221; speed=&#8221;2000&#8243; autoplay=&#8221;yes&#8221; hide_pagination_control=&#8221;yes&#8221; wrap=&#8221;yes&#8221;][\/vc_column][\/vc_row]<\/p>\n","protected":false},"excerpt":{"rendered":"<p>[vc_row full_width=&#8221;stretch_row&#8221; content_placement=&#8221;middle&#8221; overflow=&#8221;default&#8221;][vc_column max_width_alignment_mobile=&#8221;center&#8221; mobile_element_alignment=&#8221;center&#8221; text_align_inline=&#8221;center&#8221; overflow=&#8221;default&#8221;][vc_masonry_media_grid grid_id=&#8221;vc_gid:1773099763512-5481d358-cdd7-0&#8243; include=&#8221;30843,30822,30840,30837,30816,30819,30825,30828,30831,30834,30911&#8243; css=&#8221;.vc_custom_1773099812663{margin-top: 20px !important;}&#8221;][\/vc_column][\/vc_row][vc_row overflow=&#8221;default&#8221; css=&#8221;.vc_custom_1668084122188{margin-top: 100px !important;}&#8221;][vc_column overflow=&#8221;default&#8221; offset=&#8221;vc_hidden-lg vc_hidden-md vc_hidden-sm vc_hidden-xs&#8221;][vc_custom_heading source=&#8221;post_title&#8221; font_container=&#8221;tag:h1|font_size:50px|text_align:center&#8221; google_fonts=&#8221;font_family:Roboto%3A100%2C100italic%2C300%2C300italic%2Cregular%2Citalic%2C500%2C500italic%2C700%2C700italic%2C900%2C900italic|font_style:700%20bold%20regular%3A700%3Anormal&#8221;][vc_custom_heading text=&#8221;Kieferorthop\u00e4de im Wallis in Savi\u00e8se&#8221; font_container=&#8221;tag:h2|text_align:center|color:%23343c46&#8243; google_fonts=&#8221;font_family:Roboto%3A100%2C100italic%2C300%2C300italic%2Cregular%2Citalic%2C500%2C500italic%2C700%2C700italic%2C900%2C900italic|font_style:400%20regular%3A400%3Anormal&#8221;][vc_masonry_media_grid element_width=&#8221;12&#8243; grid_id=&#8221;vc_gid:1773099763514-965e1ff8-0bdd-3&#8243; include=&#8221;30843,30822,30840,30837,30816,30819,30825,30828,30831,30834,30911&#8243; css=&#8221;.vc_custom_1771881302323{margin-top: 20px !important;}&#8221;][vc_images_carousel images=&#8221;32801,32804,32816,32813,32810,32807,32819,32832,32828,32825,32822&#8243; img_size=&#8221;full&#8221; speed=&#8221;2000&#8243; autoplay=&#8221;yes&#8221; hide_pagination_control=&#8221;yes&#8221; wrap=&#8221;yes&#8221;][\/vc_column][\/vc_row]<\/p>\n","protected":false},"author":1,"featured_media":0,"parent":0,"menu_order":0,"comment_status":"closed","ping_status":"closed","template":"","meta":{"_themeisle_gutenberg_block_has_review":false,"footnotes":""},"class_list":["post-30849","page","type-page","status-publish","hentry"],"yoast_head":"<!-- This site is optimized with the Yoast SEO plugin v27.2 - https:\/\/yoast.com\/product\/yoast-seo-wordpress\/ -->\n<title>Die praxis - Beyond Smile<\/title>\n<meta name=\"robots\" content=\"index, follow, max-snippet:-1, max-image-preview:large, max-video-preview:-1\" \/>\n<link rel=\"canonical\" href=\"https:\/\/beyondsmile.ch\/de\/die-praxis\/\" \/>\n<meta property=\"og:locale\" content=\"de_DE\" \/>\n<meta property=\"og:type\" content=\"article\" \/>\n<meta property=\"og:title\" content=\"Die praxis - Beyond Smile\" \/>\n<meta property=\"og:description\" content=\"[vc_row full_width=&#8221;stretch_row&#8221; content_placement=&#8221;middle&#8221; overflow=&#8221;default&#8221;][vc_column max_width_alignment_mobile=&#8221;center&#8221; mobile_element_alignment=&#8221;center&#8221; text_align_inline=&#8221;center&#8221; overflow=&#8221;default&#8221;][vc_masonry_media_grid grid_id=&#8221;vc_gid:1773099763512-5481d358-cdd7-0&#8243; include=&#8221;30843,30822,30840,30837,30816,30819,30825,30828,30831,30834,30911&#8243; css=&#8221;.vc_custom_1773099812663{margin-top: 20px !important;}&#8221;][\/vc_column][\/vc_row][vc_row overflow=&#8221;default&#8221; css=&#8221;.vc_custom_1668084122188{margin-top: 100px !important;}&#8221;][vc_column overflow=&#8221;default&#8221; offset=&#8221;vc_hidden-lg vc_hidden-md vc_hidden-sm vc_hidden-xs&#8221;][vc_custom_heading source=&#8221;post_title&#8221; font_container=&#8221;tag:h1|font_size:50px|text_align:center&#8221; google_fonts=&#8221;font_family:Roboto%3A100%2C100italic%2C300%2C300italic%2Cregular%2Citalic%2C500%2C500italic%2C700%2C700italic%2C900%2C900italic|font_style:700%20bold%20regular%3A700%3Anormal&#8221;][vc_custom_heading text=&#8221;Kieferorthop\u00e4de im Wallis in Savi\u00e8se&#8221; font_container=&#8221;tag:h2|text_align:center|color:%23343c46&#8243; google_fonts=&#8221;font_family:Roboto%3A100%2C100italic%2C300%2C300italic%2Cregular%2Citalic%2C500%2C500italic%2C700%2C700italic%2C900%2C900italic|font_style:400%20regular%3A400%3Anormal&#8221;][vc_masonry_media_grid element_width=&#8221;12&#8243; grid_id=&#8221;vc_gid:1773099763514-965e1ff8-0bdd-3&#8243; include=&#8221;30843,30822,30840,30837,30816,30819,30825,30828,30831,30834,30911&#8243; css=&#8221;.vc_custom_1771881302323{margin-top: 20px !important;}&#8221;][vc_images_carousel images=&#8221;32801,32804,32816,32813,32810,32807,32819,32832,32828,32825,32822&#8243; img_size=&#8221;full&#8221; speed=&#8221;2000&#8243; autoplay=&#8221;yes&#8221; hide_pagination_control=&#8221;yes&#8221; wrap=&#8221;yes&#8221;][\/vc_column][\/vc_row]\" \/>\n<meta property=\"og:url\" content=\"https:\/\/beyondsmile.ch\/de\/die-praxis\/\" \/>\n<meta property=\"og:site_name\" content=\"Beyond Smile\" \/>\n<meta property=\"article:modified_time\" content=\"2026-03-09T23:43:56+00:00\" \/>\n<meta name=\"twitter:card\" content=\"summary_large_image\" \/>\n<meta name=\"twitter:label1\" content=\"Gesch\u00e4tzte Lesezeit\" \/>\n\t<meta name=\"twitter:data1\" content=\"3\u00a0Minuten\" \/>\n<script type=\"application\/ld+json\" class=\"yoast-schema-graph\">{\"@context\":\"https:\/\/schema.org\",\"@graph\":[{\"@type\":\"WebPage\",\"@id\":\"https:\/\/beyondsmile.ch\/de\/die-praxis\/\",\"url\":\"https:\/\/beyondsmile.ch\/de\/die-praxis\/\",\"name\":\"Die praxis - Beyond Smile\",\"isPartOf\":{\"@id\":\"https:\/\/beyondsmile.ch\/#website\"},\"datePublished\":\"2022-09-22T12:23:47+00:00\",\"dateModified\":\"2026-03-09T23:43:56+00:00\",\"breadcrumb\":{\"@id\":\"https:\/\/beyondsmile.ch\/de\/die-praxis\/#breadcrumb\"},\"inLanguage\":\"de\",\"potentialAction\":[{\"@type\":\"ReadAction\",\"target\":[\"https:\/\/beyondsmile.ch\/de\/die-praxis\/\"]}]},{\"@type\":\"BreadcrumbList\",\"@id\":\"https:\/\/beyondsmile.ch\/de\/die-praxis\/#breadcrumb\",\"itemListElement\":[{\"@type\":\"ListItem\",\"position\":1,\"name\":\"Accueil\",\"item\":\"https:\/\/beyondsmile.ch\/de\/\"},{\"@type\":\"ListItem\",\"position\":2,\"name\":\"Die praxis\"}]},{\"@type\":\"WebSite\",\"@id\":\"https:\/\/beyondsmile.ch\/#website\",\"url\":\"https:\/\/beyondsmile.ch\/\",\"name\":\"Beyond Smile\",\"description\":\"Orthodontiste Savi\u00e8se -  valais\",\"potentialAction\":[{\"@type\":\"SearchAction\",\"target\":{\"@type\":\"EntryPoint\",\"urlTemplate\":\"https:\/\/beyondsmile.ch\/?s={search_term_string}\"},\"query-input\":{\"@type\":\"PropertyValueSpecification\",\"valueRequired\":true,\"valueName\":\"search_term_string\"}}],\"inLanguage\":\"de\"}]}<\/script>\n<!-- \/ Yoast SEO plugin. -->","yoast_head_json":{"title":"Die praxis - Beyond Smile","robots":{"index":"index","follow":"follow","max-snippet":"max-snippet:-1","max-image-preview":"max-image-preview:large","max-video-preview":"max-video-preview:-1"},"canonical":"https:\/\/beyondsmile.ch\/de\/die-praxis\/","og_locale":"de_DE","og_type":"article","og_title":"Die praxis - Beyond Smile","og_description":"[vc_row full_width=&#8221;stretch_row&#8221; content_placement=&#8221;middle&#8221; overflow=&#8221;default&#8221;][vc_column max_width_alignment_mobile=&#8221;center&#8221; mobile_element_alignment=&#8221;center&#8221; text_align_inline=&#8221;center&#8221; overflow=&#8221;default&#8221;][vc_masonry_media_grid grid_id=&#8221;vc_gid:1773099763512-5481d358-cdd7-0&#8243; include=&#8221;30843,30822,30840,30837,30816,30819,30825,30828,30831,30834,30911&#8243; css=&#8221;.vc_custom_1773099812663{margin-top: 20px !important;}&#8221;][\/vc_column][\/vc_row][vc_row overflow=&#8221;default&#8221; css=&#8221;.vc_custom_1668084122188{margin-top: 100px !important;}&#8221;][vc_column overflow=&#8221;default&#8221; offset=&#8221;vc_hidden-lg vc_hidden-md vc_hidden-sm vc_hidden-xs&#8221;][vc_custom_heading source=&#8221;post_title&#8221; font_container=&#8221;tag:h1|font_size:50px|text_align:center&#8221; google_fonts=&#8221;font_family:Roboto%3A100%2C100italic%2C300%2C300italic%2Cregular%2Citalic%2C500%2C500italic%2C700%2C700italic%2C900%2C900italic|font_style:700%20bold%20regular%3A700%3Anormal&#8221;][vc_custom_heading text=&#8221;Kieferorthop\u00e4de im Wallis in Savi\u00e8se&#8221; font_container=&#8221;tag:h2|text_align:center|color:%23343c46&#8243; google_fonts=&#8221;font_family:Roboto%3A100%2C100italic%2C300%2C300italic%2Cregular%2Citalic%2C500%2C500italic%2C700%2C700italic%2C900%2C900italic|font_style:400%20regular%3A400%3Anormal&#8221;][vc_masonry_media_grid element_width=&#8221;12&#8243; grid_id=&#8221;vc_gid:1773099763514-965e1ff8-0bdd-3&#8243; include=&#8221;30843,30822,30840,30837,30816,30819,30825,30828,30831,30834,30911&#8243; css=&#8221;.vc_custom_1771881302323{margin-top: 20px !important;}&#8221;][vc_images_carousel images=&#8221;32801,32804,32816,32813,32810,32807,32819,32832,32828,32825,32822&#8243; img_size=&#8221;full&#8221; speed=&#8221;2000&#8243; autoplay=&#8221;yes&#8221; hide_pagination_control=&#8221;yes&#8221; wrap=&#8221;yes&#8221;][\/vc_column][\/vc_row]","og_url":"https:\/\/beyondsmile.ch\/de\/die-praxis\/","og_site_name":"Beyond Smile","article_modified_time":"2026-03-09T23:43:56+00:00","twitter_card":"summary_large_image","twitter_misc":{"Gesch\u00e4tzte Lesezeit":"3\u00a0Minuten"},"schema":{"@context":"https:\/\/schema.org","@graph":[{"@type":"WebPage","@id":"https:\/\/beyondsmile.ch\/de\/die-praxis\/","url":"https:\/\/beyondsmile.ch\/de\/die-praxis\/","name":"Die praxis - Beyond Smile","isPartOf":{"@id":"https:\/\/beyondsmile.ch\/#website"},"datePublished":"2022-09-22T12:23:47+00:00","dateModified":"2026-03-09T23:43:56+00:00","breadcrumb":{"@id":"https:\/\/beyondsmile.ch\/de\/die-praxis\/#breadcrumb"},"inLanguage":"de","potentialAction":[{"@type":"ReadAction","target":["https:\/\/beyondsmile.ch\/de\/die-praxis\/"]}]},{"@type":"BreadcrumbList","@id":"https:\/\/beyondsmile.ch\/de\/die-praxis\/#breadcrumb","itemListElement":[{"@type":"ListItem","position":1,"name":"Accueil","item":"https:\/\/beyondsmile.ch\/de\/"},{"@type":"ListItem","position":2,"name":"Die praxis"}]},{"@type":"WebSite","@id":"https:\/\/beyondsmile.ch\/#website","url":"https:\/\/beyondsmile.ch\/","name":"Beyond Smile","description":"Orthodontiste Savi\u00e8se -  valais","potentialAction":[{"@type":"SearchAction","target":{"@type":"EntryPoint","urlTemplate":"https:\/\/beyondsmile.ch\/?s={search_term_string}"},"query-input":{"@type":"PropertyValueSpecification","valueRequired":true,"valueName":"search_term_string"}}],"inLanguage":"de"}]}},"_links":{"self":[{"href":"https:\/\/beyondsmile.ch\/de\/wp-json\/wp\/v2\/pages\/30849","targetHints":{"allow":["GET"]}}],"collection":[{"href":"https:\/\/beyondsmile.ch\/de\/wp-json\/wp\/v2\/pages"}],"about":[{"href":"https:\/\/beyondsmile.ch\/de\/wp-json\/wp\/v2\/types\/page"}],"author":[{"embeddable":true,"href":"https:\/\/beyondsmile.ch\/de\/wp-json\/wp\/v2\/users\/1"}],"replies":[{"embeddable":true,"href":"https:\/\/beyondsmile.ch\/de\/wp-json\/wp\/v2\/comments?post=30849"}],"version-history":[{"count":98,"href":"https:\/\/beyondsmile.ch\/de\/wp-json\/wp\/v2\/pages\/30849\/revisions"}],"predecessor-version":[{"id":32977,"href":"https:\/\/beyondsmile.ch\/de\/wp-json\/wp\/v2\/pages\/30849\/revisions\/32977"}],"wp:attachment":[{"href":"https:\/\/beyondsmile.ch\/de\/wp-json\/wp\/v2\/media?parent=30849"}],"curies":[{"name":"wp","href":"https:\/\/api.w.org\/{rel}","templated":true}]}}