{"id":30365,"date":"2022-01-24T20:57:58","date_gmt":"2022-01-24T19:57:58","guid":{"rendered":"https:\/\/beyondsmile.ch\/?page_id=30365"},"modified":"2026-03-07T18:41:40","modified_gmt":"2026-03-07T17:41:40","slug":"zahnaufhellung","status":"publish","type":"page","link":"https:\/\/beyondsmile.ch\/de\/dienstleistungen\/zahnaufhellung\/","title":{"rendered":"Zahnaufhellung"},"content":{"rendered":"<p>[vc_row full_width=&#8221;stretch_row&#8221; overflow=&#8221;default&#8221;][vc_column overflow=&#8221;default&#8221; el_class=&#8221;service-content&#8221;][vc_column_text el_class=&#8221;bloc-text-size&#8221;]<\/p>\n<h2 class=\"p1\"><b>Verleihen Sie Ihrem L\u00e4cheln den Glanz, den es verdient.<\/b><\/h2>\n<p class=\"p1\">Ein <b>perfekt ausgerichtetes L\u00e4cheln verdient es, strahlend zu sein<\/b>. Home Bleaching mit transparenten Schienen ist eine sichere, effektive und dauerhafte Methode, um ein strahlendes L\u00e4cheln zu erhalten, w\u00e4hrend Sie bequem von zu Hause aus arbeiten k\u00f6nnen. <\/p>\n<p>&nbsp;<\/p>\n<h2 class=\"p2\"><b>Eine ma\u00dfgeschneiderte Behandlung f\u00fcr au\u00dfergew\u00f6hnliche Ergebnisse<\/b><\/h2>\n<p class=\"p1\">In unserer Praxis fertigen wir <b>individuelle Bleichschienen<\/b> an, die auf die einzigartige Form Ihrer Z\u00e4hne abgestimmt sind. Durch diese genaue Anpassung wirkt das Bleichgel gleichm\u00e4\u00dfig, was zu einem <b>nat\u00fcrlichen und lang anhaltenden Ergebnis<\/b> f\u00fchrt, das wirksamer ist als die Behandlung in der Praxis. <\/p>\n<p>&nbsp;<\/p>\n<h2 class=\"p2\"><b>Die Bedeutung der Mundgesundheit<\/b><\/h2>\n<p class=\"p1\">Bevor Sie beginnen, empfehlen wir eine <b>Sitzung mit unserer Hygienikerin<\/b>. Die Reinigung und die gr\u00fcndliche Untersuchung stellen sicher, dass Ihre Z\u00e4hne und Ihr Zahnfleisch in perfektem Zustand sind, so dass die Bleichbehandlung ihre maximale Wirkung entfalten kann. Die Entfernung von Plaque, Zahnstein und oberfl\u00e4chlichen Flecken ist der Schl\u00fcssel zu einem <b>strahlenden und gleichm\u00e4\u00dfigen L\u00e4cheln<\/b>.  <\/p>\n<p>&nbsp;<\/p>\n<h2 class=\"p2\"><b>Der letzte Schliff nach der Kieferorthop\u00e4die<\/b><\/h2>\n<p class=\"p1\">Nach einer kieferorthop\u00e4dischen Behandlung kann das Bleichen <b>Ihr perfekt ausgerichtetes L\u00e4cheln hervorheben<\/b>. Unsere Home-Bleaching-Schienen lassen sich problemlos in Ihren kieferorthop\u00e4dischen Behandlungsablauf integrieren, so dass Ihr L\u00e4cheln <b>wei\u00dfer und strahlender ist als je zuvor<\/b>. <\/p>\n<p>&nbsp;<\/p>\n<h2 class=\"p2\"><b>Ihr L\u00e4cheln strahlend halten<\/b><\/h2>\n<p class=\"p1\">Regelm\u00e4\u00dfige Pflege, einschlie\u00dflich B\u00fcrsten, Zahnseide und Besuche bei der Dentalhygienikerin, sind wichtig, um <b>Ihre Ergebnisse langfristig zu erhalten<\/b>. Wenn Sie unsere Empfehlungen befolgen und Ihre Zahnschienen regelm\u00e4\u00dfig tragen, werden Sie ein strahlendes, nat\u00fcrliches und dauerhaftes L\u00e4cheln genie\u00dfen. <\/p>\n<p class=\"p1\"><b>Eine Investition in Home Bleaching<\/b> bedeutet, Ihrem L\u00e4cheln <b>den letzten<\/b> Schliff zu geben, damit es jeden Tag Sch\u00f6nheit und Selbstvertrauen ausstrahlt.<\/p>\n<p>[\/vc_column_text][\/vc_column][\/vc_row][vc_row][vc_column][\/vc_column][\/vc_row]<\/p>\n","protected":false},"excerpt":{"rendered":"<p>[vc_row full_width=&#8221;stretch_row&#8221; overflow=&#8221;default&#8221;][vc_column overflow=&#8221;default&#8221; el_class=&#8221;service-content&#8221;][vc_column_text el_class=&#8221;bloc-text-size&#8221;] Verleihen Sie Ihrem L\u00e4cheln den Glanz, den es verdient. Ein perfekt ausgerichtetes L\u00e4cheln verdient es, strahlend zu sein. Home Bleaching mit transparenten Schienen ist eine sichere, effektive und dauerhafte Methode, um ein strahlendes L\u00e4cheln zu erhalten, w\u00e4hrend Sie bequem&#8230;<\/p>\n","protected":false},"author":1,"featured_media":0,"parent":29526,"menu_order":0,"comment_status":"closed","ping_status":"closed","template":"","meta":{"_themeisle_gutenberg_block_has_review":false,"footnotes":""},"class_list":["post-30365","page","type-page","status-publish","hentry"],"yoast_head":"<!-- This site is optimized with the Yoast SEO plugin v27.2 - https:\/\/yoast.com\/product\/yoast-seo-wordpress\/ -->\n<title>Zahnaufhellung - Beyond Smile<\/title>\n<meta name=\"description\" content=\"Durch Zahnaufhellung wird die Farbe der Z\u00e4hne aufgehellt und Ihr L\u00e4cheln strahlender.\" \/>\n<meta name=\"robots\" content=\"index, follow, max-snippet:-1, max-image-preview:large, max-video-preview:-1\" \/>\n<link rel=\"canonical\" href=\"https:\/\/beyondsmile.ch\/de\/dienstleistungen\/zahnaufhellung\/\" \/>\n<meta property=\"og:locale\" content=\"de_DE\" \/>\n<meta property=\"og:type\" content=\"article\" \/>\n<meta property=\"og:title\" content=\"Zahnaufhellung - Beyond Smile\" \/>\n<meta property=\"og:description\" content=\"Durch Zahnaufhellung wird die Farbe der Z\u00e4hne aufgehellt und Ihr L\u00e4cheln strahlender.\" \/>\n<meta property=\"og:url\" content=\"https:\/\/beyondsmile.ch\/de\/dienstleistungen\/zahnaufhellung\/\" \/>\n<meta property=\"og:site_name\" content=\"Beyond Smile\" \/>\n<meta property=\"article:modified_time\" content=\"2026-03-07T17:41:40+00:00\" \/>\n<meta name=\"twitter:card\" content=\"summary_large_image\" \/>\n<meta name=\"twitter:label1\" content=\"Gesch\u00e4tzte Lesezeit\" \/>\n\t<meta name=\"twitter:data1\" content=\"1\u00a0Minute\" \/>\n<script type=\"application\/ld+json\" class=\"yoast-schema-graph\">{\"@context\":\"https:\/\/schema.org\",\"@graph\":[{\"@type\":\"WebPage\",\"@id\":\"https:\/\/beyondsmile.ch\/de\/dienstleistungen\/zahnaufhellung\/\",\"url\":\"https:\/\/beyondsmile.ch\/de\/dienstleistungen\/zahnaufhellung\/\",\"name\":\"Zahnaufhellung - Beyond Smile\",\"isPartOf\":{\"@id\":\"https:\/\/beyondsmile.ch\/#website\"},\"datePublished\":\"2022-01-24T19:57:58+00:00\",\"dateModified\":\"2026-03-07T17:41:40+00:00\",\"description\":\"Durch Zahnaufhellung wird die Farbe der Z\u00e4hne aufgehellt und Ihr L\u00e4cheln strahlender.\",\"breadcrumb\":{\"@id\":\"https:\/\/beyondsmile.ch\/de\/dienstleistungen\/zahnaufhellung\/#breadcrumb\"},\"inLanguage\":\"de\",\"potentialAction\":[{\"@type\":\"ReadAction\",\"target\":[\"https:\/\/beyondsmile.ch\/de\/dienstleistungen\/zahnaufhellung\/\"]}]},{\"@type\":\"BreadcrumbList\",\"@id\":\"https:\/\/beyondsmile.ch\/de\/dienstleistungen\/zahnaufhellung\/#breadcrumb\",\"itemListElement\":[{\"@type\":\"ListItem\",\"position\":1,\"name\":\"Accueil\",\"item\":\"https:\/\/beyondsmile.ch\/de\/\"},{\"@type\":\"ListItem\",\"position\":2,\"name\":\"Dienstleistungen\",\"item\":\"https:\/\/beyondsmile.ch\/de\/dienstleistungen\/\"},{\"@type\":\"ListItem\",\"position\":3,\"name\":\"Zahnaufhellung\"}]},{\"@type\":\"WebSite\",\"@id\":\"https:\/\/beyondsmile.ch\/#website\",\"url\":\"https:\/\/beyondsmile.ch\/\",\"name\":\"Beyond Smile\",\"description\":\"Orthodontiste Savi\u00e8se -  valais\",\"potentialAction\":[{\"@type\":\"SearchAction\",\"target\":{\"@type\":\"EntryPoint\",\"urlTemplate\":\"https:\/\/beyondsmile.ch\/?s={search_term_string}\"},\"query-input\":{\"@type\":\"PropertyValueSpecification\",\"valueRequired\":true,\"valueName\":\"search_term_string\"}}],\"inLanguage\":\"de\"}]}<\/script>\n<!-- \/ Yoast SEO plugin. -->","yoast_head_json":{"title":"Zahnaufhellung - Beyond Smile","description":"Durch Zahnaufhellung wird die Farbe der Z\u00e4hne aufgehellt und Ihr L\u00e4cheln strahlender.","robots":{"index":"index","follow":"follow","max-snippet":"max-snippet:-1","max-image-preview":"max-image-preview:large","max-video-preview":"max-video-preview:-1"},"canonical":"https:\/\/beyondsmile.ch\/de\/dienstleistungen\/zahnaufhellung\/","og_locale":"de_DE","og_type":"article","og_title":"Zahnaufhellung - Beyond Smile","og_description":"Durch Zahnaufhellung wird die Farbe der Z\u00e4hne aufgehellt und Ihr L\u00e4cheln strahlender.","og_url":"https:\/\/beyondsmile.ch\/de\/dienstleistungen\/zahnaufhellung\/","og_site_name":"Beyond Smile","article_modified_time":"2026-03-07T17:41:40+00:00","twitter_card":"summary_large_image","twitter_misc":{"Gesch\u00e4tzte Lesezeit":"1\u00a0Minute"},"schema":{"@context":"https:\/\/schema.org","@graph":[{"@type":"WebPage","@id":"https:\/\/beyondsmile.ch\/de\/dienstleistungen\/zahnaufhellung\/","url":"https:\/\/beyondsmile.ch\/de\/dienstleistungen\/zahnaufhellung\/","name":"Zahnaufhellung - Beyond Smile","isPartOf":{"@id":"https:\/\/beyondsmile.ch\/#website"},"datePublished":"2022-01-24T19:57:58+00:00","dateModified":"2026-03-07T17:41:40+00:00","description":"Durch Zahnaufhellung wird die Farbe der Z\u00e4hne aufgehellt und Ihr L\u00e4cheln strahlender.","breadcrumb":{"@id":"https:\/\/beyondsmile.ch\/de\/dienstleistungen\/zahnaufhellung\/#breadcrumb"},"inLanguage":"de","potentialAction":[{"@type":"ReadAction","target":["https:\/\/beyondsmile.ch\/de\/dienstleistungen\/zahnaufhellung\/"]}]},{"@type":"BreadcrumbList","@id":"https:\/\/beyondsmile.ch\/de\/dienstleistungen\/zahnaufhellung\/#breadcrumb","itemListElement":[{"@type":"ListItem","position":1,"name":"Accueil","item":"https:\/\/beyondsmile.ch\/de\/"},{"@type":"ListItem","position":2,"name":"Dienstleistungen","item":"https:\/\/beyondsmile.ch\/de\/dienstleistungen\/"},{"@type":"ListItem","position":3,"name":"Zahnaufhellung"}]},{"@type":"WebSite","@id":"https:\/\/beyondsmile.ch\/#website","url":"https:\/\/beyondsmile.ch\/","name":"Beyond Smile","description":"Orthodontiste Savi\u00e8se -  valais","potentialAction":[{"@type":"SearchAction","target":{"@type":"EntryPoint","urlTemplate":"https:\/\/beyondsmile.ch\/?s={search_term_string}"},"query-input":{"@type":"PropertyValueSpecification","valueRequired":true,"valueName":"search_term_string"}}],"inLanguage":"de"}]}},"_links":{"self":[{"href":"https:\/\/beyondsmile.ch\/de\/wp-json\/wp\/v2\/pages\/30365","targetHints":{"allow":["GET"]}}],"collection":[{"href":"https:\/\/beyondsmile.ch\/de\/wp-json\/wp\/v2\/pages"}],"about":[{"href":"https:\/\/beyondsmile.ch\/de\/wp-json\/wp\/v2\/types\/page"}],"author":[{"embeddable":true,"href":"https:\/\/beyondsmile.ch\/de\/wp-json\/wp\/v2\/users\/1"}],"replies":[{"embeddable":true,"href":"https:\/\/beyondsmile.ch\/de\/wp-json\/wp\/v2\/comments?post=30365"}],"version-history":[{"count":17,"href":"https:\/\/beyondsmile.ch\/de\/wp-json\/wp\/v2\/pages\/30365\/revisions"}],"predecessor-version":[{"id":32930,"href":"https:\/\/beyondsmile.ch\/de\/wp-json\/wp\/v2\/pages\/30365\/revisions\/32930"}],"up":[{"embeddable":true,"href":"https:\/\/beyondsmile.ch\/de\/wp-json\/wp\/v2\/pages\/29526"}],"wp:attachment":[{"href":"https:\/\/beyondsmile.ch\/de\/wp-json\/wp\/v2\/media?parent=30365"}],"curies":[{"name":"wp","href":"https:\/\/api.w.org\/{rel}","templated":true}]}}