{"id":30351,"date":"2022-01-13T19:56:49","date_gmt":"2022-01-13T18:56:49","guid":{"rendered":"https:\/\/beyondsmile.ch\/kontakt\/"},"modified":"2025-12-16T02:32:18","modified_gmt":"2025-12-16T01:32:18","slug":"kontakt","status":"publish","type":"page","link":"https:\/\/beyondsmile.ch\/de\/kontakt\/","title":{"rendered":"Kontakt"},"content":{"rendered":"<p>[vc_row][vc_column]\n\t\t\t\t<p class=\"rs-p-wp-fix\"><\/p>\n\t\t\t\t<sr7-module data-alias=\"medicare-contact1\" data-id=\"40\" id=\"SR7_40_1\" class=\"rs-ov-hidden\" data-version=\"6.7.51\">\n\t\t\t\t\t<sr7-adjuster><\/sr7-adjuster>\n\t\t\t\t\t<sr7-content>\n\t\t\t\t\t\t<sr7-slide id=\"SR7_40_1-136\" data-key=\"136\">\n\t\t\t\t\t\t\t<sr7-txt id=\"SR7_40_1-136-0\" class=\"sr7-layer\"><h2 style=\"color:#40a6b1;margin:0px\">F\u00fcr Termine<\/h2><\/sr7-txt>\n\t\t\t\t\t\t\t<a id=\"SR7_40_1-136-2\" class=\"sr7-layer\" href=\"#\" target=\"_self\" rel=\"nofollow\">orthodontiste@beyondsmile.ch<\/a>\n\t\t\t\t\t\t\t<a id=\"SR7_40_1-136-6\" class=\"sr7-layer\" href=\"https:\/\/beyondsmile.ch\/de\/vereinbaren-sie-online-einen-termin\/\" target=\"_self\">Online buchen <i class=\"fa-chevron-right\"><\/i><\/a>\n\t\t\t\t\t\t\t<sr7-txt id=\"contact\" class=\"sr7-layer\">Kontakt<br \/>\n<span style=\"font-size:21px\">Lass uns Dinge geschehen lassen<\/span><img decoding=\"async\" style=\"position:relative; left:10px;top:5px; width:25px;\" src=\"\/\/beyondsmile.ch\/wp-content\/uploads\/2021\/11\/icon-dent-1.png\"\/><\/sr7-txt>\n\t\t\t\t\t\t\t<a id=\"SR7_40_1-136-16\" class=\"sr7-layer\" href=\"#\" target=\"_self\" rel=\"nofollow\">027 564 15 50<\/a>\n\t\t\t\t\t\t\t<sr7-txt id=\"contact\" class=\"sr7-layer\">Grosse Anzahl an Parkpl\u00e4tzen vorhanden<\/sr7-txt>\n\t\t\t\t\t\t\t<sr7-txt id=\"SR7_40_1-136-20\" class=\"sr7-layer\">Mon - He : <\/sr7-txt>\n\t\t\t\t\t\t\t<sr7-txt id=\"SR7_40_1-136-22\" class=\"sr7-layer\">8h00 - 12h30 & 13h15 - 17h00<\/sr7-txt>\n\t\t\t\t\t\t<\/sr7-slide>\n\t\t\t\t\t\t<sr7-slide id=\"SR7_40_1-161\" data-key=\"161\">\n\t\t\t\t\t\t<\/sr7-slide>\n\t\t\t\t\t<\/sr7-content>\n\t\t\t\t\t<image_lists style=\"display:none\">\n\t\t\t\t\t\t<img data-src=\"\/\/beyondsmile.ch\/wp-content\/uploads\/2021\/11\/mail-icon.png\" data-libid=\"29584\" data-lib=\"medialibrary\" title=\"mail-icon\" width=\"0\" height=\"0\" data-dbsrc=\"Ly9iZXlvbmRzbWlsZS5jaC93cC1jb250ZW50L3VwbG9hZHMvMjAyMS8xMS9tYWlsLWljb24ucG5n\"\/>\n\t\t\t\t\t\t<img data-src=\"\/\/beyondsmile.ch\/wp-content\/uploads\/2021\/10\/contact-image-kids-smiling.jpg\" data-libid=\"29010\" data-lib=\"medialibrary\" title=\"contact-image-kids-smiling\" width=\"0\" height=\"0\" data-dbsrc=\"Ly9iZXlvbmRzbWlsZS5jaC93cC1jb250ZW50L3VwbG9hZHMvMjAyMS8xMC9jb250YWN0LWltYWdlLWtpZHMtc21pbGluZy5qcGc=\"\/>\n\t\t\t\t\t\t<img data-src=\"\/\/beyondsmile.ch\/wp-content\/uploads\/2021\/10\/phone-call.png\" data-libid=\"29011\" data-lib=\"medialibrary\" alt=\"contact-phone-icon\" title=\"contact-phone-icon\" width=\"0\" height=\"0\" data-dbsrc=\"Ly9iZXlvbmRzbWlsZS5jaC93cC1jb250ZW50L3VwbG9hZHMvMjAyMS8xMC9waG9uZS1jYWxsLnBuZw==\"\/>\n\t\t\t\t\t\t<img data-src=\"\/\/beyondsmile.ch\/wp-content\/uploads\/2023\/02\/parking_blue.png\" data-libid=\"31462\" data-lib=\"medialibrary\" alt=\"icon parking blue\" title=\"icon parking blue\" width=\"0\" height=\"0\" data-dbsrc=\"Ly9iZXlvbmRzbWlsZS5jaC93cC1jb250ZW50L3VwbG9hZHMvMjAyMy8wMi9wYXJraW5nX2JsdWUucG5n\"\/>\n\t\t\t\t\t<\/image_lists>\n\t\t\t\t<\/sr7-module>\n\t\t\t\t<script>\n\t\t\t\t\twindow.SR7 ??={};SR7.PMH ??={}; SR7.PMH[\"SR7_40_1\"] = {cn:100,state:false,fn: function() { if (window._tpt!==undefined && window._tpt.prepareModuleHeight !== undefined) {  _tpt.prepareModuleHeight({id:\"SR7_40_1\",el:[1280,1280,1136,1190,1001],type:'hero',shdw:'0',gh:[1076,1076,1136,1190,1001],gw:[1240,1240,1024,778,480],vpt:['-200px&#039;,&#039;-200px&#039;,&#039;-200px&#039;,&#039;-200px&#039;,&#039;-200px'],size:{fullWidth:true, fullHeight:false},mh:'0',onh:0,onw:0,bg:{color:'{\"orig\":\"transparent\",\"type\":\"solid\",\"string\":\"transparent\"}'}});   SR7.PMH[\"SR7_40_1\"].state=true;} else if(SR7.PMH[\"SR7_40_1\"].cn-->0)\tsetTimeout( SR7.PMH[\"SR7_40_1\"].fn,19);}};SR7.PMH[\"SR7_40_1\" ].fn();\n\t\t\t\t<\/script>\n[\/vc_column][vc_column overflow=&#8221;default&#8221; el_class=&#8221;position-change&#8221;]\r\n<div id=\"text-block-WQIweU6lnE\" class=\"sh-text-block\">\r\n\t<\/p>\n<h3 style=\"text-align: center;\"><strong><br \/>\nM\u00f6chten Sie eine kieferorthop\u00e4dische Praxis in der N\u00e4he von Sion kontaktieren? Wir empfangen Kinder, Jugendliche und Erwachsene f\u00fcr passende kieferorthop\u00e4dische Behandlungen. Die Praxis ist vom Zentrum von Sion aus leicht erreichbar; kontaktieren Sie uns gerne f\u00fcr weitere Informationen oder zur Terminvereinbarung.<\/strong><\/h3>\n<p><\/div>\r\n            <style type=\"text\/css\">\r\n                #text-block-WQIweU6lnE {margin: 0px 0px 30px 0px;}#text-block-WQIweU6lnE a:hover,#text-block-WQIweU6lnE a:focus {color: #10a0c0;}#text-block-WQIweU6lnE .drop-cap {font-weight: bold;font-size: 50px;display: block;float: left;margin: 8px 10px 0 0;}#text-block-WQIweU6lnE p {margin-bottom: 0;}            <\/style>\r\n        [vc_raw_html]JTNDc3R5bGUlM0UlMEElMjAlMjAudXJnZW5jZS1ib3glMjAlN0IlMEElMjAlMjAlMjAlMjAtLXRlYWwlM0ElMjAlMjMzNWE3YjElM0IlMjAlMjAlMjAlMjAlMjAlMjAlMjAlMjAlMjAlMjAlMjAlMjAlMjAlMjAlMjAlMkYlMkElMjBibGF1LWdyJUMzJUJDbmUlMjBGYXJiZSUyMCUyQSUyRiUwQSUyMCUyMCUyMCUyMC0tdGV4dCUzQSUyMCUyMzFmMjkzNyUzQiUyMCUyMCUyMCUyMCUyMCUyMCUyMCUyMCUyMCUyMCUyMCUyMCUyMCUyMCUyMCUyRiUyQSUyMGR1bmtlbGdyYXVlciUyMFRleHQlMjAlMkElMkYlMEElMjAlMjAlMjAlMjAtLWJnJTNBJTIwdHJhbnNwYXJlbnQlM0IlMjAlMjAlMjAlMjAlMjAlMjAlMjAlMjAlMjAlMjAlMjAlMjAlMjAlMkYlMkElMjBIaW50ZXJncnVuZCUyMGRlcyUyMEJsb2NrcyUyMCUyOHRyYW5zcGFyZW50JTIwJTNEJTIwd2llJTIwZGllJTIwU2VpdGUlMjklMjAlMkElMkYlMEElMEElMjAlMjAlMjAlMjB3aWR0aCUzQSUyMG1pbiUyODg2MHB4JTJDJTIwMTAwJTI1JTI5JTNCJTBBJTIwJTIwJTIwJTIwbWFyZ2luJTNBJTIwMCUyMGF1dG8lM0IlMEElMjAlMjAlMjAlMjBwYWRkaW5nJTNBJTIwY2xhbXAlMjgxOHB4JTJDJTIwM3Z3JTJDJTIwMzRweCUyOSUyMGNsYW1wJTI4MTZweCUyQyUyMDR2dyUyQyUyMDQ0cHglMjklM0IlMEElMjAlMjAlMjAlMjBib3JkZXIlM0ElMjAzcHglMjBzb2xpZCUyMHZhciUyOC0tdGVhbCUyOSUzQiUwQSUyMCUyMCUyMCUyMGJvcmRlci1yYWRpdXMlM0ElMjAxOHB4JTNCJTBBJTIwJTIwJTIwJTIwYmFja2dyb3VuZCUzQSUyMHZhciUyOC0tYmclMjklM0IlMEElMjAlMjAlMjAlMjB0ZXh0LWFsaWduJTNBJTIwY2VudGVyJTNCJTBBJTIwJTIwJTIwJTIwYm94LXNpemluZyUzQSUyMGJvcmRlci1ib3glM0IlMEElMjAlMjAlN0QlMEElMEElMjAlMjAudXJnZW5jZS10aXRsZSUyMCU3QiUwQSUyMCUyMCUyMCUyMG1hcmdpbiUzQSUyMDAlMjAwJTIwY2xhbXAlMjgxMHB4JTJDJTIwMS42dnclMkMlMjAxOHB4JTI5JTNCJTBBJTIwJTIwJTIwJTIwY29sb3IlM0ElMjB2YXIlMjgtLXRlYWwlMjklM0IlMEElMjAlMjAlMjAlMjBmb250LXdlaWdodCUzQSUyMDgwMCUzQiUwQSUyMCUyMCUyMCUyMGxldHRlci1zcGFjaW5nJTNBJTIwMC4wNGVtJTNCJTBBJTIwJTIwJTIwJTIwdGV4dC10cmFuc2Zvcm0lM0ElMjB1cHBlcmNhc2UlM0IlMEElMjAlMjAlMjAlMjBmb250LXNpemUlM0ElMjBjbGFtcCUyODE4cHglMkMlMjAyLjJ2dyUyQyUyMDMwcHglMjklM0IlMEElMjAlMjAlMjAlMjBsaW5lLWhlaWdodCUzQSUyMDEuMTUlM0IlMEElMjAlMjAlN0QlMEElMEElMjAlMjAudXJnZW5jZS1waG9uZSUyMCU3QiUwQSUyMCUyMCUyMCUyMGRpc3BsYXklM0ElMjBpbmxpbmUtYmxvY2slM0IlMEElMjAlMjAlMjAlMjBtYXJnaW4lM0ElMjAwJTIwMCUyMGNsYW1wJTI4MTBweCUyQyUyMDEuNnZ3JTJDJTIwMTZweCUyOSUzQiUwQSUyMCUyMCUyMCUyMGNvbG9yJTNBJTIwdmFyJTI4LS10ZWFsJTI5JTNCJTBBJTIwJTIwJTIwJTIwZm9udC13ZWlnaHQlM0ElMjA4MDAlM0IlMEElMjAlMjAlMjAlMjB0ZXh0LWRlY29yYXRpb24lM0ElMjBub25lJTNCJTBBJTIwJTIwJTIwJTIwZm9udC1zaXplJTNBJTIwY2xhbXAlMjgxNnB4JTJDJTIwMS42dnclMkMlMjAyMnB4JTI5JTNCJTBBJTIwJTIwJTIwJTIwbGV0dGVyLXNwYWNpbmclM0ElMjAwLjA0ZW0lM0IlMEElMjAlMjAlN0QlMEElMjAlMjAudXJnZW5jZS1waG9uZSUzQWhvdmVyJTIwJTdCJTIwdGV4dC1kZWNvcmF0aW9uJTNBJTIwdW5kZXJsaW5lJTNCJTIwJTdEJTBBJTBBJTIwJTIwLnVyZ2VuY2Utbm90ZSUyMCU3QiUwQSUyMCUyMCUyMCUyMG1hcmdpbiUzQSUyMDAlM0IlMEElMjAlMjAlMjAlMjBjb2xvciUzQSUyMHZhciUyOC0tdGV4dCUyOSUzQiUwQSUyMCUyMCUyMCUyMGZvbnQtc3R5bGUlM0ElMjBpdGFsaWMlM0IlMEElMjAlMjAlMjAlMjBmb250LXdlaWdodCUzQSUyMDYwMCUzQiUwQSUyMCUyMCUyMCUyMHRleHQtdHJhbnNmb3JtJTNBJTIwdXBwZXJjYXNlJTNCJTBBJTIwJTIwJTIwJTIwZm9udC1zaXplJTNBJTIwY2xhbXAlMjgxMnB4JTJDJTIwMS4ydnclMkMlMjAxNHB4JTI5JTNCJTBBJTIwJTIwJTIwJTIwbGluZS1oZWlnaHQlM0ElMjAxLjQlM0IlMEElMjAlMjAlN0QlMEElMEElMjAlMjAlMkYlMkElMjBNb2JpbGVyJTIwS29tZm9ydCUzQSUyMGV0d2FzJTIwZCVDMyVCQ25uZXJlJTIwUmFobWVubGluaWUlMjAlMkElMkYlMEElMjAlMjAlNDBtZWRpYSUyMCUyOG1heC13aWR0aCUzQSUyMDQ4MHB4JTI5JTIwJTdCJTBBJTIwJTIwJTIwJTIwLnVyZ2VuY2UtYm94JTIwJTdCJTIwYm9yZGVyLXdpZHRoJTNBJTIwMnB4JTNCJTIwYm9yZGVyLXJhZGl1cyUzQSUyMDE2cHglM0IlMjAlN0QlMEElMjAlMjAlN0QlMEElM0MlMkZzdHlsZSUzRSUwQSUwQSUzQ2RpdiUyMGNsYXNzJTNEJTIydXJnZW5jZS1ib3glMjIlMjByb2xlJTNEJTIybm90ZSUyMiUyMGFyaWEtbGFiZWwlM0QlMjJOb3RydWZudW1tZXIlMjBXYWxsaXMlMjIlM0UlMEElMjAlMjAlM0NoMyUyMGNsYXNzJTNEJTIydXJnZW5jZS10aXRsZSUyMiUzRU5PVFJVRk5VTU1FUiUyMFdBTExJUyUzQyUyRmgzJTNFJTBBJTIwJTIwJTNDYSUyMGNsYXNzJTNEJTIydXJnZW5jZS1waG9uZSUyMiUyMGhyZWYlM0QlMjJ0ZWwlM0EwOTAwMTQ0MDQ0JTIyJTNFMDkwMCUyMDE0NCUyMDA0NCUzQyUyRmElM0UlMEElMjAlMjAlM0NwJTIwY2xhc3MlM0QlMjJ1cmdlbmNlLW5vdGUlMjIlM0UlMEElMjAlMjAlMjAlMjBDSEYlMjAwLjUwJTIwUFJPJTIwQU5SVUYlMjAlMkIlMjBDSEYlMjAyLjAwJTIwUFJPJTIwTUlOVVRFJTIwJUUyJTgwJTkzJTIwVEFSSUYlMjBGJUMzJTlDUiUyMEFOUlVGRSUyMEFVUyUyMERFTSUyMEZFU1RORVRaLiUwQSUyMCUyMCUzQyUyRnAlM0UlMEElM0MlMkZkaXYlM0UlMEE=[\/vc_raw_html][\/vc_column][vc_column]\n\t\t\t\t<p class=\"rs-p-wp-fix\"><\/p>\n\t\t\t\t<sr7-module data-alias=\"medicare-footer1\" data-id=\"42\" id=\"SR7_42_2\" class=\"rs-ov-hidden\" data-version=\"6.7.51\">\n\t\t\t\t\t<sr7-adjuster><\/sr7-adjuster>\n\t\t\t\t\t<sr7-content>\n\t\t\t\t\t\t<sr7-slide id=\"SR7_42_2-113\" data-key=\"113\">\n\t\t\t\t\t\t\t<a id=\"SR7_42_2-113-2\" class=\"sr7-layer\" href=\"#\" target=\"_self\" rel=\"nofollow\">beyond_smile_sa<\/a>\n\t\t\t\t\t\t\t<sr7-txt id=\"SR7_42_2-113-3\" class=\"sr7-layer\"><i class=\"fa-instagram\"><\/i><\/sr7-txt>\n\t\t\t\t\t\t\t<a id=\"SR7_42_2-113-17\" class=\"sr7-layer\" href=\"#\" target=\"_self\" rel=\"nofollow\">Rue du Stade 5<br \/>\n1965 Savi\u00e8se<br \/>\n<br \/>\n<\/a>\n\t\t\t\t\t\t\t<sr7-txt id=\"SR7_42_2-113-18\" class=\"sr7-layer\">Links<\/sr7-txt>\n\t\t\t\t\t\t\t<a id=\"SR7_42_2-113-19\" class=\"sr7-layer\" href=\"https:\/\/beyondsmile.ch\/de\/die-praxis\/\" target=\"_self\"><i class=\"material-icons\" style=\"font-size:20px;margin-right:5px;\">keyboard_arrow_right<\/i>\u00dcben<\/a>\n\t\t\t\t\t\t\t<a id=\"SR7_42_2-113-29\" class=\"sr7-layer\" href=\"#\" target=\"_self\" rel=\"nofollow\">+ 41 027 564 15 50<\/a>\n\t\t\t\t\t\t\t<a id=\"SR7_42_2-113-32\" class=\"sr7-layer\" href=\"#\" target=\"_self\" rel=\"nofollow\">orthodontiste@beyondsmile.ch<\/a>\n\t\t\t\t\t\t\t<a id=\"SR7_42_2-113-33\" class=\"sr7-layer\" href=\"https:\/\/beyondsmile.ch\/de\/dienstleistungen\/\" target=\"_self\"><i class=\"material-icons\" style=\"font-size:20px;margin-right:5px;\">keyboard_arrow_right<\/i>Dienstleistungen<\/a>\n\t\t\t\t\t\t\t<a id=\"SR7_42_2-113-34\" class=\"sr7-layer\" href=\"https:\/\/beyondsmile.ch\/de\/kontakt\/\" target=\"_self\"><i class=\"material-icons\" style=\"font-size:20px;margin-right:5px;\">keyboard_arrow_right<\/i>Kontakt<\/a>\n\t\t\t\t\t\t\t<a id=\"SR7_42_2-113-35\" class=\"sr7-layer\" href=\"https:\/\/beyondsmile.ch\/faq\/\" target=\"_self\"><i class=\"material-icons\" style=\"font-size:20px;margin-right:5px;\">keyboard_arrow_right<\/i>F.A.Q<\/a>\n\t\t\t\t\t\t\t<a id=\"SR7_42_2-113-36\" class=\"sr7-layer\" href=\"https:\/\/beyondsmile.ch\/de\/vereinbaren-sie-online-einen-termin\/\" target=\"_self\"><i class=\"material-icons\" style=\"font-size:20px;margin-right:5px;\">keyboard_arrow_right<\/i>Online buchen\n<\/a>\n\t\t\t\t\t\t\t<a id=\"SR7_42_2-113-42\" class=\"sr7-layer\" href=\"#\" target=\"_self\" rel=\"nofollow\">Grosse Anzahl an Parkpl\u00e4tzen vorhanden<\/a>\n\t\t\t\t\t\t\t<a id=\"SR7_42_2-113-43\" class=\"sr7-layer\" href=\"http:\/\/sowave.io\" target=\"_blank\" rel=\"noopener\">Copyright 2021 - <span style=\"color:#ffffff; font-weight:600; font-size:20px\">www.sowave.io<\/span><\/a>\n\t\t\t\t\t\t\t<a id=\"SR7_42_2-113-47\" class=\"sr7-layer\" href=\"https:\/\/beyondsmile.ch\/de\/dentosophie\/\" target=\"_self\"><i class=\"material-icons\" style=\"font-size:20px;margin-right:5px;\">keyboard_arrow_right<\/i>Dentosophie<\/a>\n\t\t\t\t\t\t<\/sr7-slide>\n\t\t\t\t\t\t<sr7-slide id=\"SR7_42_2-162\" data-key=\"162\">\n\t\t\t\t\t\t<\/sr7-slide>\n\t\t\t\t\t<\/sr7-content>\n\t\t\t\t\t<image_lists style=\"display:none\">\n\t\t\t\t\t\t<img data-src=\"\/\/beyondsmile.ch\/wp-content\/uploads\/2021\/12\/iterodigitalpractice-horizonal-grey-fr-png-bis-white.jpg\" data-libid=\"30213\" data-lib=\"medialibrary\" alt=\"Logo itero digital practice horizonal-grey-fr\" title=\"iterodigitalpractice-horizonal-grey-fr\" width=\"0\" height=\"0\" data-dbsrc=\"Ly9iZXlvbmRzbWlsZS5jaC93cC1jb250ZW50L3VwbG9hZHMvMjAyMS8xMi9pdGVyb2RpZ2l0YWxwcmFjdGljZS1ob3Jpem9uYWwtZ3JleS1mci1wbmctYmlzLXdoaXRlLmpwZw==\"\/>\n\t\t\t\t\t\t<img data-src=\"\/\/beyondsmile.ch\/wp-content\/uploads\/2021\/12\/iterodigitalpractice-horizonal-grey-fr-png-bis.jpg\" data-libid=\"30210\" data-lib=\"medialibrary\" alt=\"iterodigitalpractice-horizonal\" title=\"iterodigitalpractice-horizonal-grey-fr-png-bis\" width=\"0\" height=\"0\" data-dbsrc=\"Ly9iZXlvbmRzbWlsZS5jaC93cC1jb250ZW50L3VwbG9hZHMvMjAyMS8xMi9pdGVyb2RpZ2l0YWxwcmFjdGljZS1ob3Jpem9uYWwtZ3JleS1mci1wbmctYmlzLmpwZw==\"\/>\n\t\t\t\t\t\t<img data-src=\"\/\/beyondsmile.ch\/wp-content\/uploads\/2021\/12\/logoSSO.jpg\" data-libid=\"30207\" data-lib=\"medialibrary\" alt=\"logo SSO\" title=\"logo SSO\" width=\"0\" height=\"0\" data-dbsrc=\"Ly9iZXlvbmRzbWlsZS5jaC93cC1jb250ZW50L3VwbG9hZHMvMjAyMS8xMi9sb2dvU1NPLmpwZw==\"\/>\n\t\t\t\t\t\t<img data-src=\"\/\/beyondsmile.ch\/wp-content\/uploads\/revslider\/medicare-footer\/icon_pos.png\" data-libid=\"28882\" title=\"icon_pos.png\" width=\"0\" height=\"0\" data-dbsrc=\"Ly9iZXlvbmRzbWlsZS5jaC93cC1jb250ZW50L3VwbG9hZHMvcmV2c2xpZGVyL21lZGljYXJlLWZvb3Rlci9pY29uX3Bvcy5wbmc=\"\/>\n\t\t\t\t\t\t<img data-src=\"\/\/beyondsmile.ch\/wp-content\/uploads\/2023\/02\/parking.png\" data-libid=\"31459\" data-lib=\"medialibrary\" alt=\"icon parking white\" title=\"parking\" width=\"0\" height=\"0\" data-dbsrc=\"Ly9iZXlvbmRzbWlsZS5jaC93cC1jb250ZW50L3VwbG9hZHMvMjAyMy8wMi9wYXJraW5nLnBuZw==\"\/>\n\t\t\t\t\t\t<img data-src=\"\/\/beyondsmile.ch\/wp-content\/uploads\/2026\/02\/logo-bs-white-on-2.png\" data-libid=\"32107\" data-lib=\"medialibrary\" alt=\"logo beyond smile\" title=\"logo-bs-white-on-2\" width=\"0\" height=\"0\" data-dbsrc=\"Ly9iZXlvbmRzbWlsZS5jaC93cC1jb250ZW50L3VwbG9hZHMvMjAyNi8wMi9sb2dvLWJzLXdoaXRlLW9uLTIucG5n\"\/>\n\t\t\t\t\t\t<img data-src=\"\/\/beyondsmile.ch\/wp-content\/uploads\/revslider\/medicare-header\/medical_icon_phone.png\" data-libid=\"28841\" title=\"medical_icon_phone.png\" width=\"0\" height=\"0\" data-dbsrc=\"Ly9iZXlvbmRzbWlsZS5jaC93cC1jb250ZW50L3VwbG9hZHMvcmV2c2xpZGVyL21lZGljYXJlLWhlYWRlci9tZWRpY2FsX2ljb25fcGhvbmUucG5n\"\/>\n\t\t\t\t\t\t<img data-src=\"\/\/beyondsmile.ch\/wp-content\/uploads\/revslider\/medicare-footer\/icon_mail2.png\" data-libid=\"28883\" title=\"icon_mail2.png\" width=\"0\" height=\"0\" data-dbsrc=\"Ly9iZXlvbmRzbWlsZS5jaC93cC1jb250ZW50L3VwbG9hZHMvcmV2c2xpZGVyL21lZGljYXJlLWZvb3Rlci9pY29uX21haWwyLnBuZw==\"\/>\n\t\t\t\t\t\t<img data-src=\"\/\/beyondsmile.ch\/wp-content\/uploads\/2026\/01\/logo-SDK-SSO.png\" data-libid=\"31987\" data-lib=\"medialibrary\" title=\"logo SDK SSO\" width=\"0\" height=\"0\" data-dbsrc=\"Ly9iZXlvbmRzbWlsZS5jaC93cC1jb250ZW50L3VwbG9hZHMvMjAyNi8wMS9sb2dvLVNESy1TU08ucG5n\"\/>\n\t\t\t\t\t\t<img data-src=\"\/\/beyondsmile.ch\/wp-content\/uploads\/2021\/11\/logo-beyond-smile-no3d-1.png\" data-libid=\"29926\" data-lib=\"medialibrary\" alt=\"Logo Beyond smile white\" title=\"Logo Beyond smile white\" width=\"0\" height=\"0\" data-dbsrc=\"Ly9iZXlvbmRzbWlsZS5jaC93cC1jb250ZW50L3VwbG9hZHMvMjAyMS8xMS9sb2dvLWJleW9uZC1zbWlsZS1ubzNkLTEucG5n\"\/>\n\t\t\t\t\t<\/image_lists>\n\t\t\t\t<\/sr7-module>\n\t\t\t\t<script>\n\t\t\t\t\twindow.SR7 ??={};SR7.PMH ??={}; SR7.PMH[\"SR7_42_2\"] = {cn:100,state:false,fn: function() { if (window._tpt!==undefined && window._tpt.prepareModuleHeight !== undefined) {  _tpt.prepareModuleHeight({id:\"SR7_42_2\",el:[1204,1204,700,777,1161],type:'hero',shdw:'0',gh:[700,700,700,775,720],gw:[1240,1240,1024,778,480],vpt:['-200px&#039;,&#039;-200px&#039;,&#039;-200px&#039;,&#039;-200px&#039;,&#039;-200px'],size:{fullWidth:true, fullHeight:false},mh:'0',onh:0,onw:0,bg:{color:'{\"type\":\"solid\",\"orig\":\"#99bed8\",\"string\":\"rgba(153, 190, 216, 1)\"}'}});   SR7.PMH[\"SR7_42_2\"].state=true;} else if(SR7.PMH[\"SR7_42_2\"].cn-->0)\tsetTimeout( SR7.PMH[\"SR7_42_2\"].fn,19);}};SR7.PMH[\"SR7_42_2\" ].fn();\n\t\t\t\t<\/script>\n[\/vc_column][\/vc_row]<\/p>\n","protected":false},"excerpt":{"rendered":"<p>[vc_row][vc_column][\/vc_column][vc_column overflow=&#8221;default&#8221; el_class=&#8221;position-change&#8221;][vc_raw_html]JTNDc3R5bGUlM0UlMEElMjAlMjAudXJnZW5jZS1ib3glMjAlN0IlMEElMjAlMjAlMjAlMjAtLXRlYWwlM0ElMjAlMjMzNWE3YjElM0IlMjAlMjAlMjAlMjAlMjAlMjAlMjAlMjAlMjAlMjAlMjAlMjAlMjAlMjAlMjAlMkYlMkElMjBibGF1LWdyJUMzJUJDbmUlMjBGYXJiZSUyMCUyQSUyRiUwQSUyMCUyMCUyMCUyMC0tdGV4dCUzQSUyMCUyMzFmMjkzNyUzQiUyMCUyMCUyMCUyMCUyMCUyMCUyMCUyMCUyMCUyMCUyMCUyMCUyMCUyMCUyMCUyRiUyQSUyMGR1bmtlbGdyYXVlciUyMFRleHQlMjAlMkElMkYlMEElMjAlMjAlMjAlMjAtLWJnJTNBJTIwdHJhbnNwYXJlbnQlM0IlMjAlMjAlMjAlMjAlMjAlMjAlMjAlMjAlMjAlMjAlMjAlMjAlMjAlMkYlMkElMjBIaW50ZXJncnVuZCUyMGRlcyUyMEJsb2NrcyUyMCUyOHRyYW5zcGFyZW50JTIwJTNEJTIwd2llJTIwZGllJTIwU2VpdGUlMjklMjAlMkElMkYlMEElMEElMjAlMjAlMjAlMjB3aWR0aCUzQSUyMG1pbiUyODg2MHB4JTJDJTIwMTAwJTI1JTI5JTNCJTBBJTIwJTIwJTIwJTIwbWFyZ2luJTNBJTIwMCUyMGF1dG8lM0IlMEElMjAlMjAlMjAlMjBwYWRkaW5nJTNBJTIwY2xhbXAlMjgxOHB4JTJDJTIwM3Z3JTJDJTIwMzRweCUyOSUyMGNsYW1wJTI4MTZweCUyQyUyMDR2dyUyQyUyMDQ0cHglMjklM0IlMEElMjAlMjAlMjAlMjBib3JkZXIlM0ElMjAzcHglMjBzb2xpZCUyMHZhciUyOC0tdGVhbCUyOSUzQiUwQSUyMCUyMCUyMCUyMGJvcmRlci1yYWRpdXMlM0ElMjAxOHB4JTNCJTBBJTIwJTIwJTIwJTIwYmFja2dyb3VuZCUzQSUyMHZhciUyOC0tYmclMjklM0IlMEElMjAlMjAlMjAlMjB0ZXh0LWFsaWduJTNBJTIwY2VudGVyJTNCJTBBJTIwJTIwJTIwJTIwYm94LXNpemluZyUzQSUyMGJvcmRlci1ib3glM0IlMEElMjAlMjAlN0QlMEElMEElMjAlMjAudXJnZW5jZS10aXRsZSUyMCU3QiUwQSUyMCUyMCUyMCUyMG1hcmdpbiUzQSUyMDAlMjAwJTIwY2xhbXAlMjgxMHB4JTJDJTIwMS42dnclMkMlMjAxOHB4JTI5JTNCJTBBJTIwJTIwJTIwJTIwY29sb3IlM0ElMjB2YXIlMjgtLXRlYWwlMjklM0IlMEElMjAlMjAlMjAlMjBmb250LXdlaWdodCUzQSUyMDgwMCUzQiUwQSUyMCUyMCUyMCUyMGxldHRlci1zcGFjaW5nJTNBJTIwMC4wNGVtJTNCJTBBJTIwJTIwJTIwJTIwdGV4dC10cmFuc2Zvcm0lM0ElMjB1cHBlcmNhc2UlM0IlMEElMjAlMjAlMjAlMjBmb250LXNpemUlM0ElMjBjbGFtcCUyODE4cHglMkMlMjAyLjJ2dyUyQyUyMDMwcHglMjklM0IlMEElMjAlMjAlMjAlMjBsaW5lLWhlaWdodCUzQSUyMDEuMTUlM0IlMEElMjAlMjAlN0QlMEElMEElMjAlMjAudXJnZW5jZS1waG9uZSUyMCU3QiUwQSUyMCUyMCUyMCUyMGRpc3BsYXklM0ElMjBpbmxpbmUtYmxvY2slM0IlMEElMjAlMjAlMjAlMjBtYXJnaW4lM0ElMjAwJTIwMCUyMGNsYW1wJTI4MTBweCUyQyUyMDEuNnZ3JTJDJTIwMTZweCUyOSUzQiUwQSUyMCUyMCUyMCUyMGNvbG9yJTNBJTIwdmFyJTI4LS10ZWFsJTI5JTNCJTBBJTIwJTIwJTIwJTIwZm9udC13ZWlnaHQlM0ElMjA4MDAlM0IlMEElMjAlMjAlMjAlMjB0ZXh0LWRlY29yYXRpb24lM0ElMjBub25lJTNCJTBBJTIwJTIwJTIwJTIwZm9udC1zaXplJTNBJTIwY2xhbXAlMjgxNnB4JTJDJTIwMS42dnclMkMlMjAyMnB4JTI5JTNCJTBBJTIwJTIwJTIwJTIwbGV0dGVyLXNwYWNpbmclM0ElMjAwLjA0ZW0lM0IlMEElMjAlMjAlN0QlMEElMjAlMjAudXJnZW5jZS1waG9uZSUzQWhvdmVyJTIwJTdCJTIwdGV4dC1kZWNvcmF0aW9uJTNBJTIwdW5kZXJsaW5lJTNCJTIwJTdEJTBBJTBBJTIwJTIwLnVyZ2VuY2Utbm90ZSUyMCU3QiUwQSUyMCUyMCUyMCUyMG1hcmdpbiUzQSUyMDAlM0IlMEElMjAlMjAlMjAlMjBjb2xvciUzQSUyMHZhciUyOC0tdGV4dCUyOSUzQiUwQSUyMCUyMCUyMCUyMGZvbnQtc3R5bGUlM0ElMjBpdGFsaWMlM0IlMEElMjAlMjAlMjAlMjBmb250LXdlaWdodCUzQSUyMDYwMCUzQiUwQSUyMCUyMCUyMCUyMHRleHQtdHJhbnNmb3JtJTNBJTIwdXBwZXJjYXNlJTNCJTBBJTIwJTIwJTIwJTIwZm9udC1zaXplJTNBJTIwY2xhbXAlMjgxMnB4JTJDJTIwMS4ydnclMkMlMjAxNHB4JTI5JTNCJTBBJTIwJTIwJTIwJTIwbGluZS1oZWlnaHQlM0ElMjAxLjQlM0IlMEElMjAlMjAlN0QlMEElMEElMjAlMjAlMkYlMkElMjBNb2JpbGVyJTIwS29tZm9ydCUzQSUyMGV0d2FzJTIwZCVDMyVCQ25uZXJlJTIwUmFobWVubGluaWUlMjAlMkElMkYlMEElMjAlMjAlNDBtZWRpYSUyMCUyOG1heC13aWR0aCUzQSUyMDQ4MHB4JTI5JTIwJTdCJTBBJTIwJTIwJTIwJTIwLnVyZ2VuY2UtYm94JTIwJTdCJTIwYm9yZGVyLXdpZHRoJTNBJTIwMnB4JTNCJTIwYm9yZGVyLXJhZGl1cyUzQSUyMDE2cHglM0IlMjAlN0QlMEElMjAlMjAlN0QlMEElM0MlMkZzdHlsZSUzRSUwQSUwQSUzQ2RpdiUyMGNsYXNzJTNEJTIydXJnZW5jZS1ib3glMjIlMjByb2xlJTNEJTIybm90ZSUyMiUyMGFyaWEtbGFiZWwlM0QlMjJOb3RydWZudW1tZXIlMjBXYWxsaXMlMjIlM0UlMEElMjAlMjAlM0NoMyUyMGNsYXNzJTNEJTIydXJnZW5jZS10aXRsZSUyMiUzRU5PVFJVRk5VTU1FUiUyMFdBTExJUyUzQyUyRmgzJTNFJTBBJTIwJTIwJTNDYSUyMGNsYXNzJTNEJTIydXJnZW5jZS1waG9uZSUyMiUyMGhyZWYlM0QlMjJ0ZWwlM0EwOTAwMTQ0MDQ0JTIyJTNFMDkwMCUyMDE0NCUyMDA0NCUzQyUyRmElM0UlMEElMjAlMjAlM0NwJTIwY2xhc3MlM0QlMjJ1cmdlbmNlLW5vdGUlMjIlM0UlMEElMjAlMjAlMjAlMjBDSEYlMjAwLjUwJTIwUFJPJTIwQU5SVUYlMjAlMkIlMjBDSEYlMjAyLjAwJTIwUFJPJTIwTUlOVVRFJTIwJUUyJTgwJTkzJTIwVEFSSUYlMjBGJUMzJTlDUiUyMEFOUlVGRSUyMEFVUyUyMERFTSUyMEZFU1RORVRaLiUwQSUyMCUyMCUzQyUyRnAlM0UlMEElM0MlMkZkaXYlM0UlMEE=[\/vc_raw_html][\/vc_column][vc_column][\/vc_column][\/vc_row]<\/p>\n","protected":false},"author":1,"featured_media":0,"parent":0,"menu_order":0,"comment_status":"closed","ping_status":"closed","template":"","meta":{"_themeisle_gutenberg_block_has_review":false,"footnotes":""},"class_list":["post-30351","page","type-page","status-publish","hentry"],"yoast_head":"<!-- This site is optimized with the Yoast SEO plugin v27.2 - https:\/\/yoast.com\/product\/yoast-seo-wordpress\/ -->\n<title>Beyond Smile - Kontakt - Online-Buchung<\/title>\n<meta name=\"description\" content=\"Online-Buchung m\u00f6glich! Sie k\u00f6nnen Beyond Smile per E-Mail orthodontiste@beyondsmile.ch oder per Telefon +41 79 267 26 98 kontaktieren.Wir sind von Dienstag bis Donnerstag und Samstag ge\u00f6ffnet.\" \/>\n<meta name=\"robots\" content=\"index, follow, max-snippet:-1, max-image-preview:large, max-video-preview:-1\" \/>\n<link rel=\"canonical\" href=\"https:\/\/beyondsmile.ch\/de\/kontakt\/\" \/>\n<meta property=\"og:locale\" content=\"de_DE\" \/>\n<meta property=\"og:type\" content=\"article\" \/>\n<meta property=\"og:title\" content=\"Beyond Smile - Kontakt - Online-Buchung\" \/>\n<meta property=\"og:description\" content=\"Online-Buchung m\u00f6glich! Sie k\u00f6nnen Beyond Smile per E-Mail orthodontiste@beyondsmile.ch oder per Telefon +41 79 267 26 98 kontaktieren.Wir sind von Dienstag bis Donnerstag und Samstag ge\u00f6ffnet.\" \/>\n<meta property=\"og:url\" content=\"https:\/\/beyondsmile.ch\/de\/kontakt\/\" \/>\n<meta property=\"og:site_name\" content=\"Beyond Smile\" \/>\n<meta property=\"article:modified_time\" content=\"2025-12-16T01:32:18+00:00\" \/>\n<meta name=\"twitter:card\" content=\"summary_large_image\" \/>\n<meta name=\"twitter:label1\" content=\"Gesch\u00e4tzte Lesezeit\" \/>\n\t<meta name=\"twitter:data1\" content=\"1\u00a0Minute\" \/>\n<script type=\"application\/ld+json\" class=\"yoast-schema-graph\">{\"@context\":\"https:\/\/schema.org\",\"@graph\":[{\"@type\":\"WebPage\",\"@id\":\"https:\/\/beyondsmile.ch\/de\/kontakt\/\",\"url\":\"https:\/\/beyondsmile.ch\/de\/kontakt\/\",\"name\":\"Beyond Smile - Kontakt - Online-Buchung\",\"isPartOf\":{\"@id\":\"https:\/\/beyondsmile.ch\/#website\"},\"datePublished\":\"2022-01-13T18:56:49+00:00\",\"dateModified\":\"2025-12-16T01:32:18+00:00\",\"description\":\"Online-Buchung m\u00f6glich! Sie k\u00f6nnen Beyond Smile per E-Mail orthodontiste@beyondsmile.ch oder per Telefon +41 79 267 26 98 kontaktieren.Wir sind von Dienstag bis Donnerstag und Samstag ge\u00f6ffnet.\",\"breadcrumb\":{\"@id\":\"https:\/\/beyondsmile.ch\/de\/kontakt\/#breadcrumb\"},\"inLanguage\":\"de\",\"potentialAction\":[{\"@type\":\"ReadAction\",\"target\":[\"https:\/\/beyondsmile.ch\/de\/kontakt\/\"]}]},{\"@type\":\"BreadcrumbList\",\"@id\":\"https:\/\/beyondsmile.ch\/de\/kontakt\/#breadcrumb\",\"itemListElement\":[{\"@type\":\"ListItem\",\"position\":1,\"name\":\"Accueil\",\"item\":\"https:\/\/beyondsmile.ch\/de\/\"},{\"@type\":\"ListItem\",\"position\":2,\"name\":\"Kontakt\"}]},{\"@type\":\"WebSite\",\"@id\":\"https:\/\/beyondsmile.ch\/#website\",\"url\":\"https:\/\/beyondsmile.ch\/\",\"name\":\"Beyond Smile\",\"description\":\"Orthodontiste Savi\u00e8se -  valais\",\"potentialAction\":[{\"@type\":\"SearchAction\",\"target\":{\"@type\":\"EntryPoint\",\"urlTemplate\":\"https:\/\/beyondsmile.ch\/?s={search_term_string}\"},\"query-input\":{\"@type\":\"PropertyValueSpecification\",\"valueRequired\":true,\"valueName\":\"search_term_string\"}}],\"inLanguage\":\"de\"}]}<\/script>\n<!-- \/ Yoast SEO plugin. -->","yoast_head_json":{"title":"Beyond Smile - Kontakt - Online-Buchung","description":"Online-Buchung m\u00f6glich! Sie k\u00f6nnen Beyond Smile per E-Mail orthodontiste@beyondsmile.ch oder per Telefon +41 79 267 26 98 kontaktieren.Wir sind von Dienstag bis Donnerstag und Samstag ge\u00f6ffnet.","robots":{"index":"index","follow":"follow","max-snippet":"max-snippet:-1","max-image-preview":"max-image-preview:large","max-video-preview":"max-video-preview:-1"},"canonical":"https:\/\/beyondsmile.ch\/de\/kontakt\/","og_locale":"de_DE","og_type":"article","og_title":"Beyond Smile - Kontakt - Online-Buchung","og_description":"Online-Buchung m\u00f6glich! Sie k\u00f6nnen Beyond Smile per E-Mail orthodontiste@beyondsmile.ch oder per Telefon +41 79 267 26 98 kontaktieren.Wir sind von Dienstag bis Donnerstag und Samstag ge\u00f6ffnet.","og_url":"https:\/\/beyondsmile.ch\/de\/kontakt\/","og_site_name":"Beyond Smile","article_modified_time":"2025-12-16T01:32:18+00:00","twitter_card":"summary_large_image","twitter_misc":{"Gesch\u00e4tzte Lesezeit":"1\u00a0Minute"},"schema":{"@context":"https:\/\/schema.org","@graph":[{"@type":"WebPage","@id":"https:\/\/beyondsmile.ch\/de\/kontakt\/","url":"https:\/\/beyondsmile.ch\/de\/kontakt\/","name":"Beyond Smile - Kontakt - Online-Buchung","isPartOf":{"@id":"https:\/\/beyondsmile.ch\/#website"},"datePublished":"2022-01-13T18:56:49+00:00","dateModified":"2025-12-16T01:32:18+00:00","description":"Online-Buchung m\u00f6glich! Sie k\u00f6nnen Beyond Smile per E-Mail orthodontiste@beyondsmile.ch oder per Telefon +41 79 267 26 98 kontaktieren.Wir sind von Dienstag bis Donnerstag und Samstag ge\u00f6ffnet.","breadcrumb":{"@id":"https:\/\/beyondsmile.ch\/de\/kontakt\/#breadcrumb"},"inLanguage":"de","potentialAction":[{"@type":"ReadAction","target":["https:\/\/beyondsmile.ch\/de\/kontakt\/"]}]},{"@type":"BreadcrumbList","@id":"https:\/\/beyondsmile.ch\/de\/kontakt\/#breadcrumb","itemListElement":[{"@type":"ListItem","position":1,"name":"Accueil","item":"https:\/\/beyondsmile.ch\/de\/"},{"@type":"ListItem","position":2,"name":"Kontakt"}]},{"@type":"WebSite","@id":"https:\/\/beyondsmile.ch\/#website","url":"https:\/\/beyondsmile.ch\/","name":"Beyond Smile","description":"Orthodontiste Savi\u00e8se -  valais","potentialAction":[{"@type":"SearchAction","target":{"@type":"EntryPoint","urlTemplate":"https:\/\/beyondsmile.ch\/?s={search_term_string}"},"query-input":{"@type":"PropertyValueSpecification","valueRequired":true,"valueName":"search_term_string"}}],"inLanguage":"de"}]}},"_links":{"self":[{"href":"https:\/\/beyondsmile.ch\/de\/wp-json\/wp\/v2\/pages\/30351","targetHints":{"allow":["GET"]}}],"collection":[{"href":"https:\/\/beyondsmile.ch\/de\/wp-json\/wp\/v2\/pages"}],"about":[{"href":"https:\/\/beyondsmile.ch\/de\/wp-json\/wp\/v2\/types\/page"}],"author":[{"embeddable":true,"href":"https:\/\/beyondsmile.ch\/de\/wp-json\/wp\/v2\/users\/1"}],"replies":[{"embeddable":true,"href":"https:\/\/beyondsmile.ch\/de\/wp-json\/wp\/v2\/comments?post=30351"}],"version-history":[{"count":14,"href":"https:\/\/beyondsmile.ch\/de\/wp-json\/wp\/v2\/pages\/30351\/revisions"}],"predecessor-version":[{"id":31983,"href":"https:\/\/beyondsmile.ch\/de\/wp-json\/wp\/v2\/pages\/30351\/revisions\/31983"}],"wp:attachment":[{"href":"https:\/\/beyondsmile.ch\/de\/wp-json\/wp\/v2\/media?parent=30351"}],"curies":[{"name":"wp","href":"https:\/\/api.w.org\/{rel}","templated":true}]}}