{"id":29968,"date":"2021-12-09T16:56:55","date_gmt":"2021-12-09T15:56:55","guid":{"rendered":"https:\/\/beyondsmile.ch\/dienstleistungen\/schneller-gaumen-expander\/"},"modified":"2021-12-29T00:17:28","modified_gmt":"2021-12-28T23:17:28","slug":"gaumennahterweiterung-hyrax","status":"publish","type":"page","link":"https:\/\/beyondsmile.ch\/de\/dienstleistungen\/gaumennahterweiterung-hyrax\/","title":{"rendered":"Gaumennahterweiterung &#8211; Hyrax"},"content":{"rendered":"\n<div style=\"height:150px\" aria-hidden=\"true\" class=\"wp-block-spacer\"><\/div>\n\n\n\n<div class=\"wp-block-columns is-layout-flex wp-container-core-columns-is-layout-9d6595d7 wp-block-columns-is-layout-flex\">\n<div class=\"wp-block-column is-layout-flow wp-block-column-is-layout-flow\" style=\"flex-basis:100%\"><\/div>\n<\/div>\n\n\n\n<div class=\"wp-block-themepunch-revslider revslider\" data-modal=\"false\" data-slidertitle=\"Rapid palatal expander\" style=\"\">\n\t\t\t\t<p class=\"rs-p-wp-fix\"><\/p>\n\t\t\t\t<sr7-module data-alias=\"Rapid-palatal-expander\" data-id=\"88\" id=\"SR7_88_1\" class=\"rs-ov-hidden\" data-version=\"6.7.51\">\n\t\t\t\t\t<sr7-adjuster><\/sr7-adjuster>\n\t\t\t\t\t<sr7-content>\n\t\t\t\t\t\t<sr7-slide id=\"SR7_88_1-99\" data-key=\"99\">\n\t\t\t\t\t\t\t<sr7-txt id=\"SR7_88_1-99-12\" class=\"sr7-layer\">Gaumennahterweiterung - Hyrax<\/sr7-txt>\n\t\t\t\t\t\t\t<sr7-txt id=\"SR7_88_1-99-13\" class=\"sr7-layer\">Platzbeschaffung durch Behebung von Zahnengstand<\/sr7-txt>\n\t\t\t\t\t\t\t<sr7-txt id=\"SR7_88_1-99-14\" class=\"sr7-layer\">Der Hyrax erweitert Ihren Oberkiefer, indem er bei jeder Drehung sanften Druck auf Ihre oberen Backenz\u00e4hne aus\u00fcbt.<br \/>\nDa die beiden Seiten des Oberkiefers auseinander bewegt werden, kann zwischen den oberen Frontz\u00e4hnen eine L\u00fccke entstehen, was normal ist.<br \/>\nIn der Regel wird die Apparatur 10 bis 15 Tage lang aktiviert. <br \/>\nNachdem die gew\u00fcnschte Ausdehnung erreicht ist, wird die Apparatur noch einige Monate lang getragen, um ein Rezidiv zu verhindern.<\/sr7-txt>\n\t\t\t\t\t\t<\/sr7-slide>\n\t\t\t\t\t\t<sr7-slide id=\"SR7_88_1-189\" data-key=\"189\">\n\t\t\t\t\t\t<\/sr7-slide>\n\t\t\t\t\t<\/sr7-content>\n\t\t\t\t\t<image_lists style=\"display:none\">\n\t\t\t\t\t\t<img data-src=\"\/\/beyondsmile.ch\/wp-content\/uploads\/2023\/01\/Appareil-orthodontique-moderne-appareil-expansion-maxillaire-rapide-palais-etroit-manque-de-place-en-bouche-1.png\" data-libid=\"31408\" data-lib=\"medialibrary\" alt=\"Appareil orthodontique moderne - appareil expansion maxillaire rapide - palais-e\u0301troit - manque-de-place-en-bouche\" width=\"0\" height=\"0\" data-dbsrc=\"Ly9iZXlvbmRzbWlsZS5jaC93cC1jb250ZW50L3VwbG9hZHMvMjAyMy8wMS9BcHBhcmVpbC1vcnRob2RvbnRpcXVlLW1vZGVybmUtYXBwYXJlaWwtZXhwYW5zaW9uLW1heGlsbGFpcmUtcmFwaWRlLXBhbGFpcy1ldHJvaXQtbWFucXVlLWRlLXBsYWNlLWVuLWJvdWNoZS0xLnBuZw==\"\/>\n\t\t\t\t\t\t<img data-src=\"\/\/beyondsmile.ch\/wp-content\/uploads\/2021\/11\/Rapid-palatal-expander-service-01.jpg\" data-libid=\"29146\" data-lib=\"medialibrary\" alt=\"Rapid palatal expansion - orthodontie - valais\" title=\"Rapid-palatal-expander-service-01\" width=\"0\" height=\"0\" data-dbsrc=\"Ly9iZXlvbmRzbWlsZS5jaC93cC1jb250ZW50L3VwbG9hZHMvMjAyMS8xMS9SYXBpZC1wYWxhdGFsLWV4cGFuZGVyLXNlcnZpY2UtMDEuanBn\"\/>\n\t\t\t\t\t\t<img data-src=\"\/\/beyondsmile.ch\/wp-content\/uploads\/2021\/11\/Rapid-palatal-expander-service-03.jpg\" data-libid=\"29148\" data-lib=\"medialibrary\" alt=\"Rapid palatal expansion - orthodontie - valais\" title=\"Rapid-palatal-expander-service-03\" width=\"0\" height=\"0\" data-dbsrc=\"Ly9iZXlvbmRzbWlsZS5jaC93cC1jb250ZW50L3VwbG9hZHMvMjAyMS8xMS9SYXBpZC1wYWxhdGFsLWV4cGFuZGVyLXNlcnZpY2UtMDMuanBn\"\/>\n\t\t\t\t\t\t<img data-src=\"\/\/beyondsmile.ch\/wp-content\/uploads\/2021\/11\/Rapid-palatal-expander-service-02.jpg\" data-libid=\"29147\" data-lib=\"medialibrary\" alt=\"Rapid palatal expansion - orthodontie - valais\" title=\"Rapid-palatal-expander-service-02\" width=\"0\" height=\"0\" data-dbsrc=\"Ly9iZXlvbmRzbWlsZS5jaC93cC1jb250ZW50L3VwbG9hZHMvMjAyMS8xMS9SYXBpZC1wYWxhdGFsLWV4cGFuZGVyLXNlcnZpY2UtMDIuanBn\"\/>\n\t\t\t\t\t<\/image_lists>\n\t\t\t\t<\/sr7-module>\n\t\t\t\t<script>\n\t\t\t\t\twindow.SR7 ??={};SR7.PMH ??={}; SR7.PMH[\"SR7_88_1\"] = {cn:100,state:false,fn: function() { if (window._tpt!==undefined && window._tpt.prepareModuleHeight !== undefined) {  _tpt.prepareModuleHeight({id:\"SR7_88_1\",el:[900,900,768,960,1835],type:'hero',shdw:'0',gh:[900,900,768,960,720],gw:[1240,1240,1024,778,480],vpt:['-200px&#039;,&#039;-200px&#039;,&#039;-200px&#039;,&#039;-200px&#039;,&#039;-200px'],size:{fullWidth:false, fullHeight:false},mh:'0',onh:0,onw:0,bg:{color:'{\"orig\":\"transparent\",\"type\":\"solid\",\"string\":\"transparent\"}'}});   SR7.PMH[\"SR7_88_1\"].state=true;} else if(SR7.PMH[\"SR7_88_1\"].cn-->0)\tsetTimeout( SR7.PMH[\"SR7_88_1\"].fn,19);}};SR7.PMH[\"SR7_88_1\" ].fn();\n\t\t\t\t<\/script>\n<\/div>\n\n\n\n<div class=\"wp-block-themepunch-revslider revslider\" data-modal=\"false\" data-slidertitle=\"ON - Services\" style=\"\">\n\t\t\t\t<p class=\"rs-p-wp-fix\"><\/p>\n\t\t\t\t<sr7-module data-alias=\"services\" data-id=\"84\" id=\"SR7_84_2\" class=\"rs-ov-hidden\" data-version=\"6.7.51\">\n\t\t\t\t\t<sr7-adjuster><\/sr7-adjuster>\n\t\t\t\t\t<sr7-content>\n\t\t\t\t\t\t<sr7-slide id=\"SR7_84_2-109\" data-key=\"109\">\n\t\t\t\t\t\t\t<a id=\"SR7_84_2-109-20\" class=\"sr7-layer\" href=\"https:\/\/beyondsmile.ch\/services\/invisalign\/\" target=\"_self\">Invisalign<\/a>\n\t\t\t\t\t\t\t<sr7-txt id=\"SR7_84_2-109-21\" class=\"sr7-layer\">F\u00fcr ein sch\u00f6neres L\u00e4cheln<\/sr7-txt>\n\t\t\t\t\t\t\t<a id=\"SR7_84_2-109-23\" class=\"sr7-layer\" href=\"https:\/\/beyondsmile.ch\/de\/dienstleistungen\/invisalign\/\" target=\"_self\">entdecken <i class=\"fa-chevron-right\"><\/i><\/a>\n\t\t\t\t\t\t\t<a id=\"SR7_84_2-109-25\" class=\"sr7-layer\" href=\"https:\/\/beyondsmile.ch\/services\/orthodontic-implants\/\" target=\"_self\">Orthodontische Minischrauben<\/a>\n\t\t\t\t\t\t\t<sr7-txt id=\"SR7_84_2-109-26\" class=\"sr7-layer\">Beste Ergebnisse durch maximale Verankerung<\/sr7-txt>\n\t\t\t\t\t\t\t<a id=\"SR7_84_2-109-28\" class=\"sr7-layer\" href=\"https:\/\/beyondsmile.ch\/de\/dienstleistungen\/brackets\/\" target=\"_self\">entdecken <i class=\"fa-chevron-right\"><\/i><\/a>\n\t\t\t\t\t\t\t<a id=\"SR7_84_2-109-30\" class=\"sr7-layer\" href=\"https:\/\/beyondsmile.ch\/services\/top-jet-distalizer\/\" target=\"_self\">Top Jet Distalizer<\/a>\n\t\t\t\t\t\t\t<sr7-txt id=\"SR7_84_2-109-36\" class=\"sr7-layer\">Perfekter Biss mit unsichtbarer Apparatur<\/sr7-txt>\n\t\t\t\t\t\t\t<a id=\"SR7_84_2-109-38\" class=\"sr7-layer\" href=\"https:\/\/beyondsmile.ch\/de\/dienstleistungen\/kieferorthopaedische-implantate\/\" target=\"_self\">entdecken <i class=\"fa-chevron-right\"><\/i><\/a>\n\t\t\t\t\t\t\t<a id=\"SR7_84_2-109-78\" class=\"sr7-layer\" href=\"https:\/\/beyondsmile.ch\/services\/growth-modification-functional-appliance\/\" target=\"_self\">WACHSTUMSSTEUERUNG - FUNKTIONELLE APPARATUR<\/a>\n\t\t\t\t\t\t\t<a id=\"SR7_84_2-109-79\" class=\"sr7-layer\" href=\"https:\/\/beyondsmile.ch\/services\/expansion-plate\/\" target=\"_self\">DEHNUNGSPLATTE<\/a>\n\t\t\t\t\t\t\t<sr7-txt id=\"SR7_84_2-109-80\" class=\"sr7-layer\">Harmonisierung von Ober- und Unterkiefer<\/sr7-txt>\n\t\t\t\t\t\t\t<a id=\"SR7_84_2-109-82\" class=\"sr7-layer\" href=\"https:\/\/beyondsmile.ch\/de\/dienstleistungen\/wachstumssteuerung-funktionelle-apparatur\/\" target=\"_self\">entdecken <i class=\"fa-chevron-right\"><\/i><\/a>\n\t\t\t\t\t\t\t<a id=\"SR7_84_2-109-87\" class=\"sr7-layer\" href=\"https:\/\/beyondsmile.ch\/services\/herbst-appliance\" target=\"_self\">Herbst-Apparatur<\/a>\n\t\t\t\t\t\t\t<sr7-txt id=\"SR7_84_2-109-88\" class=\"sr7-layer\">Verbessern Sie Ihre Okklusion<\/sr7-txt>\n\t\t\t\t\t\t\t<a id=\"SR7_84_2-109-90\" class=\"sr7-layer\" href=\"https:\/\/beyondsmile.ch\/de\/dienstleistungen\/herbst-apparatur\/\" target=\"_self\">entdecken <i class=\"fa-chevron-right\"><\/i><\/a>\n\t\t\t\t\t\t\t<a id=\"SR7_84_2-109-94\" class=\"sr7-layer\" href=\"https:\/\/beyondsmile.ch\/de\/dienstleistungen\/retainer\/\" target=\"_self\">entdecken <i class=\"fa-chevron-right\"><\/i><\/a>\n\t\t\t\t\t\t\t<a id=\"SR7_84_2-109-96\" class=\"sr7-layer\" href=\"https:\/\/beyondsmile.ch\/services\/braces\/\" target=\"_self\">Brackets<\/a>\n\t\t\t\t\t\t\t<sr7-txt id=\"SR7_84_2-109-97\" class=\"sr7-layer\">Lass dein L\u00e4cheln strahlen<\/sr7-txt>\n\t\t\t\t\t\t\t<sr7-txt id=\"SR7_84_2-109-99\" class=\"sr7-layer\">F\u00fcr ein strahlenderes L\u00e4cheln<\/sr7-txt>\n\t\t\t\t\t\t\t<sr7-txt id=\"SR7_84_2-109-100\" class=\"sr7-layer\">Platzbeschaffung durch Behebung von Zahnengstand<\/sr7-txt>\n\t\t\t\t\t\t\t<a id=\"SR7_84_2-109-101\" class=\"sr7-layer\" href=\"https:\/\/beyondsmile.ch\/services\/retainer\" target=\"_self\">Retainer<\/a>\n\t\t\t\t\t\t\t<a id=\"SR7_84_2-109-123\" class=\"sr7-layer\" href=\"https:\/\/beyondsmile.ch\/services\/rapid-palatal-expander\/\" target=\"_self\">Gaumennahterweiterung<\/a>\n\t\t\t\t\t\t\t<a id=\"SR7_84_2-109-126\" class=\"sr7-layer\" href=\"https:\/\/beyondsmile.ch\/de\/dienstleistungen\/top-jet-distalizer\/\" target=\"_self\">entdecken <i class=\"fa-chevron-right\"><\/i><\/a>\n\t\t\t\t\t\t\t<a id=\"SR7_84_2-109-131\" class=\"sr7-layer\" href=\"https:\/\/beyondsmile.ch\/de\/dienstleistungen\/dehnungsplatte\/\" target=\"_self\">entdecken <i class=\"fa-chevron-right\"><\/i><\/a>\n\t\t\t\t\t\t\t<sr7-txt id=\"SR7_84_2-109-139\" class=\"sr7-layer\">Bewahren Sie Ihr neues sch\u00f6nes L\u00e4cheln<\/sr7-txt>\n\t\t\t\t\t\t\t<a id=\"SR7_84_2-109-141\" class=\"sr7-layer\" href=\"https:\/\/beyondsmile.ch\/de\/dienstleistungen\/gaumennahterweiterung-hyrax\/\" target=\"_self\">entdecken <i class=\"fa-chevron-right\"><\/i><\/a>\n\t\t\t\t\t\t\t<a id=\"SR7_84_2-109-193\" class=\"sr7-layer\" href=\"https:\/\/beyondsmile.ch\/de\/dienstleistungen\/zahnaufhellung\/\" target=\"_self\">entdecken <i class=\"fa-chevron-right\"><\/i><\/a>\n\t\t\t\t\t\t\t<a id=\"SR7_84_2-109-194\" class=\"sr7-layer\" href=\"https:\/\/beyondsmile.ch\/services\/retainer\" target=\"_self\">ZAHNBLEICHUNG<\/a>\n\t\t\t\t\t\t\t<sr7-txt id=\"SR7_84_2-109-195\" class=\"sr7-layer\"><\/sr7-txt>\n\t\t\t\t\t\t<\/sr7-slide>\n\t\t\t\t\t\t<sr7-slide id=\"SR7_84_2-185\" data-key=\"185\">\n\t\t\t\t\t\t<\/sr7-slide>\n\t\t\t\t\t<\/sr7-content>\n\t\t\t\t<\/sr7-module>\n\t\t\t\t<script>\n\t\t\t\t\twindow.SR7 ??={};SR7.PMH ??={}; SR7.PMH[\"SR7_84_2\"] = {cn:100,state:false,fn: function() { if (window._tpt!==undefined && window._tpt.prepareModuleHeight !== undefined) {  _tpt.prepareModuleHeight({id:\"SR7_84_2\",el:[900,900,841,1370,1890],type:'hero',shdw:'0',gh:[900,900,768,960,720],gw:[1240,1240,1024,778,480],vpt:['-200px&#039;,&#039;-200px&#039;,&#039;-200px&#039;,&#039;-200px&#039;,&#039;-200px'],size:{fullWidth:true, fullHeight:false},mh:'0',onh:0,onw:0,bg:{color:'{\"orig\":\"transparent\",\"type\":\"solid\",\"string\":\"transparent\"}'}});   SR7.PMH[\"SR7_84_2\"].state=true;} else if(SR7.PMH[\"SR7_84_2\"].cn-->0)\tsetTimeout( SR7.PMH[\"SR7_84_2\"].fn,19);}};SR7.PMH[\"SR7_84_2\" ].fn();\n\t\t\t\t<\/script>\n<\/div>\n\n\n\n<div class=\"wp-block-themepunch-revslider revslider\" data-modal=\"false\" data-slidertitle=\"FOOTER BEYOND SMILE\" style=\"\">\n\t\t\t\t<p class=\"rs-p-wp-fix\"><\/p>\n\t\t\t\t<sr7-module data-alias=\"medicare-footer1\" data-id=\"42\" id=\"SR7_42_3\" class=\"rs-ov-hidden\" data-version=\"6.7.51\">\n\t\t\t\t\t<sr7-adjuster><\/sr7-adjuster>\n\t\t\t\t\t<sr7-content>\n\t\t\t\t\t\t<sr7-slide id=\"SR7_42_3-113\" data-key=\"113\">\n\t\t\t\t\t\t\t<a id=\"SR7_42_3-113-2\" class=\"sr7-layer\" href=\"#\" target=\"_self\" rel=\"nofollow\">beyond_smile_sa<\/a>\n\t\t\t\t\t\t\t<sr7-txt id=\"SR7_42_3-113-3\" class=\"sr7-layer\"><i class=\"fa-instagram\"><\/i><\/sr7-txt>\n\t\t\t\t\t\t\t<a id=\"SR7_42_3-113-17\" class=\"sr7-layer\" href=\"#\" target=\"_self\" rel=\"nofollow\">Rue du Stade 5<br \/>\n1965 Savi\u00e8se<br \/>\n<br \/>\n<\/a>\n\t\t\t\t\t\t\t<sr7-txt id=\"SR7_42_3-113-18\" class=\"sr7-layer\">Links<\/sr7-txt>\n\t\t\t\t\t\t\t<a id=\"SR7_42_3-113-19\" class=\"sr7-layer\" href=\"https:\/\/beyondsmile.ch\/de\/die-praxis\/\" target=\"_self\"><i class=\"material-icons\" style=\"font-size:20px;margin-right:5px;\">keyboard_arrow_right<\/i>\u00dcben<\/a>\n\t\t\t\t\t\t\t<a id=\"SR7_42_3-113-29\" class=\"sr7-layer\" href=\"#\" target=\"_self\" rel=\"nofollow\">+ 41 027 564 15 50<\/a>\n\t\t\t\t\t\t\t<a id=\"SR7_42_3-113-32\" class=\"sr7-layer\" href=\"#\" target=\"_self\" rel=\"nofollow\">orthodontiste@beyondsmile.ch<\/a>\n\t\t\t\t\t\t\t<a id=\"SR7_42_3-113-33\" class=\"sr7-layer\" href=\"https:\/\/beyondsmile.ch\/de\/dienstleistungen\/\" target=\"_self\"><i class=\"material-icons\" style=\"font-size:20px;margin-right:5px;\">keyboard_arrow_right<\/i>Dienstleistungen<\/a>\n\t\t\t\t\t\t\t<a id=\"SR7_42_3-113-34\" class=\"sr7-layer\" href=\"https:\/\/beyondsmile.ch\/de\/kontakt\/\" target=\"_self\"><i class=\"material-icons\" style=\"font-size:20px;margin-right:5px;\">keyboard_arrow_right<\/i>Kontakt<\/a>\n\t\t\t\t\t\t\t<a id=\"SR7_42_3-113-35\" class=\"sr7-layer\" href=\"https:\/\/beyondsmile.ch\/faq\/\" target=\"_self\"><i class=\"material-icons\" style=\"font-size:20px;margin-right:5px;\">keyboard_arrow_right<\/i>F.A.Q<\/a>\n\t\t\t\t\t\t\t<a id=\"SR7_42_3-113-36\" class=\"sr7-layer\" href=\"https:\/\/beyondsmile.ch\/de\/vereinbaren-sie-online-einen-termin\/\" target=\"_self\"><i class=\"material-icons\" style=\"font-size:20px;margin-right:5px;\">keyboard_arrow_right<\/i>Online buchen\n<\/a>\n\t\t\t\t\t\t\t<a id=\"SR7_42_3-113-42\" class=\"sr7-layer\" href=\"#\" target=\"_self\" rel=\"nofollow\">Grosse Anzahl an Parkpl\u00e4tzen vorhanden<\/a>\n\t\t\t\t\t\t\t<a id=\"SR7_42_3-113-43\" class=\"sr7-layer\" href=\"http:\/\/sowave.io\" target=\"_blank\" rel=\"noopener\">Copyright 2021 - <span style=\"color:#ffffff; font-weight:600; font-size:20px\">www.sowave.io<\/span><\/a>\n\t\t\t\t\t\t\t<a id=\"SR7_42_3-113-47\" class=\"sr7-layer\" href=\"https:\/\/beyondsmile.ch\/de\/dentosophie\/\" target=\"_self\"><i class=\"material-icons\" style=\"font-size:20px;margin-right:5px;\">keyboard_arrow_right<\/i>Dentosophie<\/a>\n\t\t\t\t\t\t<\/sr7-slide>\n\t\t\t\t\t\t<sr7-slide id=\"SR7_42_3-162\" data-key=\"162\">\n\t\t\t\t\t\t<\/sr7-slide>\n\t\t\t\t\t<\/sr7-content>\n\t\t\t\t\t<image_lists style=\"display:none\">\n\t\t\t\t\t\t<img data-src=\"\/\/beyondsmile.ch\/wp-content\/uploads\/2021\/12\/iterodigitalpractice-horizonal-grey-fr-png-bis-white.jpg\" data-libid=\"30213\" data-lib=\"medialibrary\" alt=\"Logo itero digital practice horizonal-grey-fr\" title=\"iterodigitalpractice-horizonal-grey-fr\" width=\"0\" height=\"0\" data-dbsrc=\"Ly9iZXlvbmRzbWlsZS5jaC93cC1jb250ZW50L3VwbG9hZHMvMjAyMS8xMi9pdGVyb2RpZ2l0YWxwcmFjdGljZS1ob3Jpem9uYWwtZ3JleS1mci1wbmctYmlzLXdoaXRlLmpwZw==\"\/>\n\t\t\t\t\t\t<img data-src=\"\/\/beyondsmile.ch\/wp-content\/uploads\/2021\/12\/iterodigitalpractice-horizonal-grey-fr-png-bis.jpg\" data-libid=\"30210\" data-lib=\"medialibrary\" alt=\"iterodigitalpractice-horizonal\" title=\"iterodigitalpractice-horizonal-grey-fr-png-bis\" width=\"0\" height=\"0\" data-dbsrc=\"Ly9iZXlvbmRzbWlsZS5jaC93cC1jb250ZW50L3VwbG9hZHMvMjAyMS8xMi9pdGVyb2RpZ2l0YWxwcmFjdGljZS1ob3Jpem9uYWwtZ3JleS1mci1wbmctYmlzLmpwZw==\"\/>\n\t\t\t\t\t\t<img data-src=\"\/\/beyondsmile.ch\/wp-content\/uploads\/2021\/12\/logoSSO.jpg\" data-libid=\"30207\" data-lib=\"medialibrary\" alt=\"logo SSO\" title=\"logo SSO\" width=\"0\" height=\"0\" data-dbsrc=\"Ly9iZXlvbmRzbWlsZS5jaC93cC1jb250ZW50L3VwbG9hZHMvMjAyMS8xMi9sb2dvU1NPLmpwZw==\"\/>\n\t\t\t\t\t\t<img data-src=\"\/\/beyondsmile.ch\/wp-content\/uploads\/revslider\/medicare-footer\/icon_pos.png\" data-libid=\"28882\" title=\"icon_pos.png\" width=\"0\" height=\"0\" data-dbsrc=\"Ly9iZXlvbmRzbWlsZS5jaC93cC1jb250ZW50L3VwbG9hZHMvcmV2c2xpZGVyL21lZGljYXJlLWZvb3Rlci9pY29uX3Bvcy5wbmc=\"\/>\n\t\t\t\t\t\t<img data-src=\"\/\/beyondsmile.ch\/wp-content\/uploads\/2023\/02\/parking.png\" data-libid=\"31459\" data-lib=\"medialibrary\" alt=\"icon parking white\" title=\"parking\" width=\"0\" height=\"0\" data-dbsrc=\"Ly9iZXlvbmRzbWlsZS5jaC93cC1jb250ZW50L3VwbG9hZHMvMjAyMy8wMi9wYXJraW5nLnBuZw==\"\/>\n\t\t\t\t\t\t<img data-src=\"\/\/beyondsmile.ch\/wp-content\/uploads\/2026\/02\/logo-bs-white-on-2.png\" data-libid=\"32107\" data-lib=\"medialibrary\" alt=\"logo beyond smile\" title=\"logo-bs-white-on-2\" width=\"0\" height=\"0\" data-dbsrc=\"Ly9iZXlvbmRzbWlsZS5jaC93cC1jb250ZW50L3VwbG9hZHMvMjAyNi8wMi9sb2dvLWJzLXdoaXRlLW9uLTIucG5n\"\/>\n\t\t\t\t\t\t<img data-src=\"\/\/beyondsmile.ch\/wp-content\/uploads\/revslider\/medicare-header\/medical_icon_phone.png\" data-libid=\"28841\" title=\"medical_icon_phone.png\" width=\"0\" height=\"0\" data-dbsrc=\"Ly9iZXlvbmRzbWlsZS5jaC93cC1jb250ZW50L3VwbG9hZHMvcmV2c2xpZGVyL21lZGljYXJlLWhlYWRlci9tZWRpY2FsX2ljb25fcGhvbmUucG5n\"\/>\n\t\t\t\t\t\t<img data-src=\"\/\/beyondsmile.ch\/wp-content\/uploads\/revslider\/medicare-footer\/icon_mail2.png\" data-libid=\"28883\" title=\"icon_mail2.png\" width=\"0\" height=\"0\" data-dbsrc=\"Ly9iZXlvbmRzbWlsZS5jaC93cC1jb250ZW50L3VwbG9hZHMvcmV2c2xpZGVyL21lZGljYXJlLWZvb3Rlci9pY29uX21haWwyLnBuZw==\"\/>\n\t\t\t\t\t\t<img data-src=\"\/\/beyondsmile.ch\/wp-content\/uploads\/2026\/01\/logo-SDK-SSO.png\" data-libid=\"31987\" data-lib=\"medialibrary\" title=\"logo SDK SSO\" width=\"0\" height=\"0\" data-dbsrc=\"Ly9iZXlvbmRzbWlsZS5jaC93cC1jb250ZW50L3VwbG9hZHMvMjAyNi8wMS9sb2dvLVNESy1TU08ucG5n\"\/>\n\t\t\t\t\t\t<img data-src=\"\/\/beyondsmile.ch\/wp-content\/uploads\/2021\/11\/logo-beyond-smile-no3d-1.png\" data-libid=\"29926\" data-lib=\"medialibrary\" alt=\"Logo Beyond smile white\" title=\"Logo Beyond smile white\" width=\"0\" height=\"0\" data-dbsrc=\"Ly9iZXlvbmRzbWlsZS5jaC93cC1jb250ZW50L3VwbG9hZHMvMjAyMS8xMS9sb2dvLWJleW9uZC1zbWlsZS1ubzNkLTEucG5n\"\/>\n\t\t\t\t\t<\/image_lists>\n\t\t\t\t<\/sr7-module>\n\t\t\t\t<script>\n\t\t\t\t\twindow.SR7 ??={};SR7.PMH ??={}; SR7.PMH[\"SR7_42_3\"] = {cn:100,state:false,fn: function() { if (window._tpt!==undefined && window._tpt.prepareModuleHeight !== undefined) {  _tpt.prepareModuleHeight({id:\"SR7_42_3\",el:[1204,1204,700,777,1161],type:'hero',shdw:'0',gh:[700,700,700,775,720],gw:[1240,1240,1024,778,480],vpt:['-200px&#039;,&#039;-200px&#039;,&#039;-200px&#039;,&#039;-200px&#039;,&#039;-200px'],size:{fullWidth:true, fullHeight:false},mh:'0',onh:0,onw:0,bg:{color:'{\"type\":\"solid\",\"orig\":\"#99bed8\",\"string\":\"rgba(153, 190, 216, 1)\"}'}});   SR7.PMH[\"SR7_42_3\"].state=true;} else if(SR7.PMH[\"SR7_42_3\"].cn-->0)\tsetTimeout( SR7.PMH[\"SR7_42_3\"].fn,19);}};SR7.PMH[\"SR7_42_3\" ].fn();\n\t\t\t\t<\/script>\n<\/div>\n","protected":false},"excerpt":{"rendered":"Gaumennahterweiterung - Hyrax Platzbeschaffung durch Behebung von Zahnengstand Der Hyrax erweitert Ihren Oberkiefer, indem er bei jeder Drehung sanften Druck auf Ihre oberen Backenz\u00e4hne aus\u00fcbt. Da die beiden Seiten des Oberkiefers auseinander bewegt werden, kann zwischen den oberen Frontz\u00e4hnen eine L\u00fccke entstehen, was normal ist....","protected":false},"author":1,"featured_media":0,"parent":29526,"menu_order":0,"comment_status":"closed","ping_status":"closed","template":"","meta":{"_themeisle_gutenberg_block_has_review":false,"footnotes":""},"class_list":["post-29968","page","type-page","status-publish","hentry"],"yoast_head":"<!-- This site is optimized with the Yoast SEO plugin v27.2 - https:\/\/yoast.com\/product\/yoast-seo-wordpress\/ -->\n<title>Gaumennahterweiterung - Hyrax - Beyond Smile<\/title>\n<meta name=\"robots\" content=\"index, follow, max-snippet:-1, max-image-preview:large, max-video-preview:-1\" \/>\n<link rel=\"canonical\" href=\"https:\/\/beyondsmile.ch\/de\/dienstleistungen\/gaumennahterweiterung-hyrax\/\" \/>\n<meta property=\"og:locale\" content=\"de_DE\" \/>\n<meta property=\"og:type\" content=\"article\" \/>\n<meta property=\"og:title\" content=\"Gaumennahterweiterung - Hyrax - Beyond Smile\" \/>\n<meta property=\"og:url\" content=\"https:\/\/beyondsmile.ch\/de\/dienstleistungen\/gaumennahterweiterung-hyrax\/\" \/>\n<meta property=\"og:site_name\" content=\"Beyond Smile\" \/>\n<meta property=\"article:modified_time\" content=\"2021-12-28T23:17:28+00:00\" \/>\n<meta name=\"twitter:card\" content=\"summary_large_image\" \/>\n<meta name=\"twitter:label1\" content=\"Gesch\u00e4tzte Lesezeit\" \/>\n\t<meta name=\"twitter:data1\" content=\"1\u00a0Minute\" \/>\n<script type=\"application\/ld+json\" class=\"yoast-schema-graph\">{\"@context\":\"https:\/\/schema.org\",\"@graph\":[{\"@type\":\"WebPage\",\"@id\":\"https:\/\/beyondsmile.ch\/de\/dienstleistungen\/gaumennahterweiterung-hyrax\/\",\"url\":\"https:\/\/beyondsmile.ch\/de\/dienstleistungen\/gaumennahterweiterung-hyrax\/\",\"name\":\"Gaumennahterweiterung - Hyrax - Beyond Smile\",\"isPartOf\":{\"@id\":\"https:\/\/beyondsmile.ch\/#website\"},\"datePublished\":\"2021-12-09T15:56:55+00:00\",\"dateModified\":\"2021-12-28T23:17:28+00:00\",\"breadcrumb\":{\"@id\":\"https:\/\/beyondsmile.ch\/de\/dienstleistungen\/gaumennahterweiterung-hyrax\/#breadcrumb\"},\"inLanguage\":\"de\",\"potentialAction\":[{\"@type\":\"ReadAction\",\"target\":[\"https:\/\/beyondsmile.ch\/de\/dienstleistungen\/gaumennahterweiterung-hyrax\/\"]}]},{\"@type\":\"BreadcrumbList\",\"@id\":\"https:\/\/beyondsmile.ch\/de\/dienstleistungen\/gaumennahterweiterung-hyrax\/#breadcrumb\",\"itemListElement\":[{\"@type\":\"ListItem\",\"position\":1,\"name\":\"Accueil\",\"item\":\"https:\/\/beyondsmile.ch\/de\/\"},{\"@type\":\"ListItem\",\"position\":2,\"name\":\"Dienstleistungen\",\"item\":\"https:\/\/beyondsmile.ch\/de\/dienstleistungen\/\"},{\"@type\":\"ListItem\",\"position\":3,\"name\":\"Gaumennahterweiterung &#8211; Hyrax\"}]},{\"@type\":\"WebSite\",\"@id\":\"https:\/\/beyondsmile.ch\/#website\",\"url\":\"https:\/\/beyondsmile.ch\/\",\"name\":\"Beyond Smile\",\"description\":\"Orthodontiste Savi\u00e8se -  valais\",\"potentialAction\":[{\"@type\":\"SearchAction\",\"target\":{\"@type\":\"EntryPoint\",\"urlTemplate\":\"https:\/\/beyondsmile.ch\/?s={search_term_string}\"},\"query-input\":{\"@type\":\"PropertyValueSpecification\",\"valueRequired\":true,\"valueName\":\"search_term_string\"}}],\"inLanguage\":\"de\"}]}<\/script>\n<!-- \/ Yoast SEO plugin. -->","yoast_head_json":{"title":"Gaumennahterweiterung - Hyrax - Beyond Smile","robots":{"index":"index","follow":"follow","max-snippet":"max-snippet:-1","max-image-preview":"max-image-preview:large","max-video-preview":"max-video-preview:-1"},"canonical":"https:\/\/beyondsmile.ch\/de\/dienstleistungen\/gaumennahterweiterung-hyrax\/","og_locale":"de_DE","og_type":"article","og_title":"Gaumennahterweiterung - Hyrax - Beyond Smile","og_url":"https:\/\/beyondsmile.ch\/de\/dienstleistungen\/gaumennahterweiterung-hyrax\/","og_site_name":"Beyond Smile","article_modified_time":"2021-12-28T23:17:28+00:00","twitter_card":"summary_large_image","twitter_misc":{"Gesch\u00e4tzte Lesezeit":"1\u00a0Minute"},"schema":{"@context":"https:\/\/schema.org","@graph":[{"@type":"WebPage","@id":"https:\/\/beyondsmile.ch\/de\/dienstleistungen\/gaumennahterweiterung-hyrax\/","url":"https:\/\/beyondsmile.ch\/de\/dienstleistungen\/gaumennahterweiterung-hyrax\/","name":"Gaumennahterweiterung - Hyrax - Beyond Smile","isPartOf":{"@id":"https:\/\/beyondsmile.ch\/#website"},"datePublished":"2021-12-09T15:56:55+00:00","dateModified":"2021-12-28T23:17:28+00:00","breadcrumb":{"@id":"https:\/\/beyondsmile.ch\/de\/dienstleistungen\/gaumennahterweiterung-hyrax\/#breadcrumb"},"inLanguage":"de","potentialAction":[{"@type":"ReadAction","target":["https:\/\/beyondsmile.ch\/de\/dienstleistungen\/gaumennahterweiterung-hyrax\/"]}]},{"@type":"BreadcrumbList","@id":"https:\/\/beyondsmile.ch\/de\/dienstleistungen\/gaumennahterweiterung-hyrax\/#breadcrumb","itemListElement":[{"@type":"ListItem","position":1,"name":"Accueil","item":"https:\/\/beyondsmile.ch\/de\/"},{"@type":"ListItem","position":2,"name":"Dienstleistungen","item":"https:\/\/beyondsmile.ch\/de\/dienstleistungen\/"},{"@type":"ListItem","position":3,"name":"Gaumennahterweiterung &#8211; Hyrax"}]},{"@type":"WebSite","@id":"https:\/\/beyondsmile.ch\/#website","url":"https:\/\/beyondsmile.ch\/","name":"Beyond Smile","description":"Orthodontiste Savi\u00e8se -  valais","potentialAction":[{"@type":"SearchAction","target":{"@type":"EntryPoint","urlTemplate":"https:\/\/beyondsmile.ch\/?s={search_term_string}"},"query-input":{"@type":"PropertyValueSpecification","valueRequired":true,"valueName":"search_term_string"}}],"inLanguage":"de"}]}},"_links":{"self":[{"href":"https:\/\/beyondsmile.ch\/de\/wp-json\/wp\/v2\/pages\/29968","targetHints":{"allow":["GET"]}}],"collection":[{"href":"https:\/\/beyondsmile.ch\/de\/wp-json\/wp\/v2\/pages"}],"about":[{"href":"https:\/\/beyondsmile.ch\/de\/wp-json\/wp\/v2\/types\/page"}],"author":[{"embeddable":true,"href":"https:\/\/beyondsmile.ch\/de\/wp-json\/wp\/v2\/users\/1"}],"replies":[{"embeddable":true,"href":"https:\/\/beyondsmile.ch\/de\/wp-json\/wp\/v2\/comments?post=29968"}],"version-history":[{"count":7,"href":"https:\/\/beyondsmile.ch\/de\/wp-json\/wp\/v2\/pages\/29968\/revisions"}],"predecessor-version":[{"id":30236,"href":"https:\/\/beyondsmile.ch\/de\/wp-json\/wp\/v2\/pages\/29968\/revisions\/30236"}],"up":[{"embeddable":true,"href":"https:\/\/beyondsmile.ch\/de\/wp-json\/wp\/v2\/pages\/29526"}],"wp:attachment":[{"href":"https:\/\/beyondsmile.ch\/de\/wp-json\/wp\/v2\/media?parent=29968"}],"curies":[{"name":"wp","href":"https:\/\/api.w.org\/{rel}","templated":true}]}}